{"id":1122,"date":"2021-11-02T09:54:04","date_gmt":"2021-11-02T09:54:04","guid":{"rendered":"https:\/\/tarandus.is\/?page_id=1122"},"modified":"2025-11-01T18:38:40","modified_gmt":"2025-11-01T18:38:40","slug":"batu-535-verdlisti","status":"publish","type":"page","link":"https:\/\/tarandus.is\/?page_id=1122","title":{"rendered":"Crawler BATU 535i Ver\u00f0listi"},"content":{"rendered":"\n<p><strong> \u00d6ll ver\u00f0 eru me\u00f0 VSK og \u00edsetningu <\/strong><\/p>\n\n\n\n<figure class=\"wp-block-table\"><table><tbody><tr><td><strong>Fer\u00f0at\u00e6ki<\/strong><\/td><td><strong><em>&nbsp;<\/em><\/strong><\/td><\/tr><tr><td>\u2022 Crawler BATU 535i<\/td><td><br><strong><em>15.990.000 kr.<\/em><\/strong><br><\/td><\/tr><tr><td><strong>Exterior Colors<\/strong><\/td><td><strong><em>&nbsp;<\/em><\/strong><\/td><\/tr><tr><td>\u2022 Exterior Color: Line-X Deep Black (Ral 9005) (Rough)(optional)<\/td><td><strong><em>639.000 kr.<\/em><\/strong><\/td><\/tr><tr><td>\u2022 Exterior Color: Ash Grey \/ Silver Grey (Heper3 \/ Heper1) (Matte, Rough) (standard)<\/td><td><strong><em>&nbsp;0 kr.<\/em><\/strong><\/td><\/tr><tr><td><strong>Upholstery Colors<\/strong><\/td><td><strong><em>&nbsp;<\/em><\/strong><\/td><\/tr><tr><td>\u2022 Upholstery Color: Khaki Green<\/td><td>&nbsp;<strong><em>0 kr.<\/em><\/strong><\/td><\/tr><tr><td>\u2022 Upholstery Color: Ice Grey<\/td><td><strong><em>&nbsp;0 kr.<\/em><\/strong><\/td><\/tr><tr><td>\u2022 Upholstery Color: Carbon Black<\/td><td><strong><em>&nbsp;0 kr.<\/em><\/strong><\/td><\/tr><tr><td>\u2022 Upholstery Color: Sand Beige<\/td><td><strong><em>&nbsp;0 kr.<\/em><\/strong><\/td><\/tr><tr><td>\u2022 Upholstery Color: Mint Green (Salvador 465)<\/td><td><strong><em>&nbsp;0 kr.<\/em><\/strong><\/td><\/tr><tr><td>\u2022 Upholstery Color: Ocean Blue (Salvador 468)<\/td><td><strong><em>&nbsp;0 kr.<\/em><\/strong><\/td><\/tr><tr><td>\u2022 Upholstery Color: Forest Green (Salvador 471)<\/td><td><strong><em>&nbsp;0 kr.<\/em><\/strong><\/td><\/tr><tr><td>\u2022 Upholstery Color: Fog Grey (Salvador 474)<\/td><td><strong><em>&nbsp;0 kr.<\/em><\/strong><\/td><\/tr><tr><td>\u2022 Upholstery Color: Gravel Grey (Salvador 476)<\/td><td><strong><em>&nbsp;0 kr.<\/em><\/strong><\/td><\/tr><tr><td><strong>Solar Panel<\/strong><\/td><td><strong><em>&nbsp;<\/em><\/strong><\/td><\/tr><tr><td>\u2022 Schmid Solar Panel 325W &amp; Charge Regulator (optional)<\/td><td><strong><em>171.000 kr.<\/em><\/strong><\/td><\/tr><tr><td>\u2022 Solara Solar Panel 160w &amp; Solara Regulator (optional)<\/td><td><strong><em>148.000 kr.<\/em><\/strong><\/td><\/tr><tr><td><strong>Optional Products<\/strong><\/td><td><strong><em>&nbsp;<\/em><\/strong><\/td><\/tr><tr><td>\u2022 Adjustable Dynamic Air Suspension<\/td><td><strong><em>775.000 kr.<\/em><\/strong><\/td><\/tr><tr><td> \u2022 Awning side panels (Summer Type, Front, Left, Right) <\/td><td><strong><em>103.000 kr<\/em><\/strong>.<\/td><\/tr><tr><td>\u2022 Victron Energy LifePO4 Battery 12,8V\/330Ah &#8211; Smart<\/td><td><strong><em>790.000 kr.<\/em><\/strong><\/td><\/tr><tr><td>\u2022 Bicycle Holder (15 kg x 1 Pieces)<\/td><td><strong><em>34.000 kr.<\/em><\/strong><\/td><\/tr><tr><td> \u2022 Awning side panels (Winter Type, Front, Left, Right)<\/td><td><strong><em>182.000 kr.<\/em><\/strong><\/td><\/tr><tr><td>\u2022 Crawler Chrome Barbeque<\/td><td><strong><em>57.000 kr.<\/em><\/strong><\/td><\/tr><tr><td>\u2022 Thule 4 Meters Awn\u0131ng Tent (Mouse Grey)<\/td><td><strong><em>262.000 kr.<\/em><\/strong><\/td><\/tr><tr><td>\u2022 Gas Outlet For BBQ Grill<\/td><td><strong><em>29.000 kr.<\/em><\/strong><\/td><\/tr><tr><td>\u2022 Fishing Holder<\/td><td><strong><em>23.000 kr.<\/em><\/strong><\/td><\/tr><tr><td>\u2022 Gun Holder<\/td><td><strong><em>23.000 kr.<\/em><\/strong><\/td><\/tr><tr><td>\u2022 Victron Energy 220 Ah Battery (Extra)<\/td><td><strong><em>153.000 kr.<\/em><\/strong><\/td><\/tr><tr><td>\u2022 Thule Electrical Step<\/td><td><strong><em>106.000 kr.<\/em><\/strong><\/td><\/tr><tr><td>\u2022 Truma Aventa Compact Plus Ceiling Type Air Conditioner<\/td><td><strong><em>753.000 kr.<\/em><\/strong><\/td><\/tr><tr><td>\u2022 Water Anti Freeze System<\/td><td><strong><em>125.000 kr.<\/em><\/strong><\/td><\/tr><tr><td>\u2022 Come Up Winch or Equivalent (12000Lb)<\/td><td><strong><em>285.000 kr.<\/em><\/strong><\/td><\/tr><\/tbody><\/table><\/figure>\n\n\n\n<p><strong>Ekki er tekin \u00e1byrg\u00f0 \u00e1 innsl\u00e1ttarvillum. Ver\u00f0 geta breyst \u00e1n fyrirvara.<\/strong><\/p>\n","protected":false},"excerpt":{"rendered":"<p>\u00d6ll ver\u00f0 eru me\u00f0 VSK og \u00edsetningu Fer\u00f0at\u00e6ki &nbsp; \u2022 Crawler BATU 535i 15.990.000 kr. Exterior Colors &nbsp; \u2022 Exterior Color: Line-X Deep Black (Ral 9005) (Rough)(optional) 639.000 kr. \u2022 Exterior Color: Ash Grey \/ Silver Grey (Heper3 \/ Heper1) (Matte, Rough) (standard) &nbsp;0 kr. Upholstery Colors &nbsp; \u2022 Upholstery Color: Khaki Green &nbsp;0 kr. [&hellip;]<\/p>\n","protected":false},"author":2,"featured_media":0,"parent":0,"menu_order":0,"comment_status":"closed","ping_status":"closed","template":"","meta":{"site-sidebar-layout":"default","site-content-layout":"","ast-site-content-layout":"default","site-content-style":"default","site-sidebar-style":"default","ast-global-header-display":"","ast-banner-title-visibility":"","ast-main-header-display":"","ast-hfb-above-header-display":"","ast-hfb-below-header-display":"","ast-hfb-mobile-header-display":"","site-post-title":"","ast-breadcrumbs-content":"","ast-featured-img":"","footer-sml-layout":"","theme-transparent-header-meta":"","adv-header-id-meta":"","stick-header-meta":"","header-above-stick-meta":"","header-main-stick-meta":"","header-below-stick-meta":"","astra-migrate-meta-layouts":"set","ast-page-background-enabled":"default","ast-page-background-meta":{"desktop":{"background-color":"","background-image":"","background-repeat":"repeat","background-position":"center center","background-size":"auto","background-attachment":"scroll","background-type":"","background-media":"","overlay-type":"","overlay-color":"","overlay-opacity":"","overlay-gradient":""},"tablet":{"background-color":"","background-image":"","background-repeat":"repeat","background-position":"center center","background-size":"auto","background-attachment":"scroll","background-type":"","background-media":"","overlay-type":"","overlay-color":"","overlay-opacity":"","overlay-gradient":""},"mobile":{"background-color":"","background-image":"","background-repeat":"repeat","background-position":"center center","background-size":"auto","background-attachment":"scroll","background-type":"","background-media":"","overlay-type":"","overlay-color":"","overlay-opacity":"","overlay-gradient":""}},"ast-content-background-meta":{"desktop":{"background-color":"var(--ast-global-color-5)","background-image":"","background-repeat":"repeat","background-position":"center center","background-size":"auto","background-attachment":"scroll","background-type":"","background-media":"","overlay-type":"","overlay-color":"","overlay-opacity":"","overlay-gradient":""},"tablet":{"background-color":"var(--ast-global-color-5)","background-image":"","background-repeat":"repeat","background-position":"center center","background-size":"auto","background-attachment":"scroll","background-type":"","background-media":"","overlay-type":"","overlay-color":"","overlay-opacity":"","overlay-gradient":""},"mobile":{"background-color":"var(--ast-global-color-5)","background-image":"","background-repeat":"repeat","background-position":"center center","background-size":"auto","background-attachment":"scroll","background-type":"","background-media":"","overlay-type":"","overlay-color":"","overlay-opacity":"","overlay-gradient":""}},"footnotes":""},"class_list":["post-1122","page","type-page","status-publish","hentry"],"yoast_head":"<!-- This site is optimized with the Yoast SEO plugin v26.0 - https:\/\/yoast.com\/wordpress\/plugins\/seo\/ -->\n<title>Crawler BATU 535i Ver\u00f0listi - TARANDUS<\/title>\n<meta name=\"robots\" content=\"index, follow, max-snippet:-1, max-image-preview:large, max-video-preview:-1\" \/>\n<link rel=\"canonical\" href=\"https:\/\/tarandus.is\/?page_id=1122\" \/>\n<meta property=\"og:locale\" content=\"en_US\" \/>\n<meta property=\"og:type\" content=\"article\" \/>\n<meta property=\"og:title\" content=\"Crawler BATU 535i Ver\u00f0listi - TARANDUS\" \/>\n<meta property=\"og:description\" content=\"\u00d6ll ver\u00f0 eru me\u00f0 VSK og \u00edsetningu Fer\u00f0at\u00e6ki &nbsp; \u2022 Crawler BATU 535i 15.990.000 kr. Exterior Colors &nbsp; \u2022 Exterior Color: Line-X Deep Black (Ral 9005) (Rough)(optional) 639.000 kr. \u2022 Exterior Color: Ash Grey \/ Silver Grey (Heper3 \/ Heper1) (Matte, Rough) (standard) &nbsp;0 kr. Upholstery Colors &nbsp; \u2022 Upholstery Color: Khaki Green &nbsp;0 kr. [&hellip;]\" \/>\n<meta property=\"og:url\" content=\"https:\/\/tarandus.is\/?page_id=1122\" \/>\n<meta property=\"og:site_name\" content=\"TARANDUS\" \/>\n<meta property=\"article:publisher\" content=\"https:\/\/facebook.com\/crawlericeland\" \/>\n<meta property=\"article:modified_time\" content=\"2025-11-01T18:38:40+00:00\" \/>\n<meta name=\"twitter:card\" content=\"summary_large_image\" \/>\n<meta name=\"twitter:label1\" content=\"Est. reading time\" \/>\n\t<meta name=\"twitter:data1\" content=\"2 minutes\" \/>\n<script type=\"application\/ld+json\" class=\"yoast-schema-graph\">{\"@context\":\"https:\/\/schema.org\",\"@graph\":[{\"@type\":\"WebPage\",\"@id\":\"https:\/\/tarandus.is\/?page_id=1122\",\"url\":\"https:\/\/tarandus.is\/?page_id=1122\",\"name\":\"Crawler BATU 535i Ver\u00f0listi - TARANDUS\",\"isPartOf\":{\"@id\":\"https:\/\/tarandus.is\/#website\"},\"datePublished\":\"2021-11-02T09:54:04+00:00\",\"dateModified\":\"2025-11-01T18:38:40+00:00\",\"breadcrumb\":{\"@id\":\"https:\/\/tarandus.is\/?page_id=1122#breadcrumb\"},\"inLanguage\":\"en\",\"potentialAction\":[{\"@type\":\"ReadAction\",\"target\":[\"https:\/\/tarandus.is\/?page_id=1122\"]}]},{\"@type\":\"BreadcrumbList\",\"@id\":\"https:\/\/tarandus.is\/?page_id=1122#breadcrumb\",\"itemListElement\":[{\"@type\":\"ListItem\",\"position\":1,\"name\":\"Home\",\"item\":\"https:\/\/tarandus.is\/\"},{\"@type\":\"ListItem\",\"position\":2,\"name\":\"Crawler BATU 535i Ver\u00f0listi\"}]},{\"@type\":\"WebSite\",\"@id\":\"https:\/\/tarandus.is\/#website\",\"url\":\"https:\/\/tarandus.is\/\",\"name\":\"TARANDUS\",\"description\":\"CRAWLER and DROPRACKS Dealer\",\"publisher\":{\"@id\":\"https:\/\/tarandus.is\/#organization\"},\"potentialAction\":[{\"@type\":\"SearchAction\",\"target\":{\"@type\":\"EntryPoint\",\"urlTemplate\":\"https:\/\/tarandus.is\/?s={search_term_string}\"},\"query-input\":{\"@type\":\"PropertyValueSpecification\",\"valueRequired\":true,\"valueName\":\"search_term_string\"}}],\"inLanguage\":\"en\"},{\"@type\":\"Organization\",\"@id\":\"https:\/\/tarandus.is\/#organization\",\"name\":\"Tarandus ehf.\",\"url\":\"https:\/\/tarandus.is\/\",\"logo\":{\"@type\":\"ImageObject\",\"inLanguage\":\"en\",\"@id\":\"https:\/\/tarandus.is\/#\/schema\/logo\/image\/\",\"url\":\"https:\/\/tarandus.is\/wp-content\/uploads\/2023\/02\/cropped-Logo_Tarandus-black.-1.png\",\"contentUrl\":\"https:\/\/tarandus.is\/wp-content\/uploads\/2023\/02\/cropped-Logo_Tarandus-black.-1.png\",\"width\":168,\"height\":206,\"caption\":\"Tarandus ehf.\"},\"image\":{\"@id\":\"https:\/\/tarandus.is\/#\/schema\/logo\/image\/\"},\"sameAs\":[\"https:\/\/facebook.com\/crawlericeland\",\"https:\/\/instagram.com\/tarandus.is\"]}]}<\/script>\n<!-- \/ Yoast SEO plugin. -->","yoast_head_json":{"title":"Crawler BATU 535i Ver\u00f0listi - TARANDUS","robots":{"index":"index","follow":"follow","max-snippet":"max-snippet:-1","max-image-preview":"max-image-preview:large","max-video-preview":"max-video-preview:-1"},"canonical":"https:\/\/tarandus.is\/?page_id=1122","og_locale":"en_US","og_type":"article","og_title":"Crawler BATU 535i Ver\u00f0listi - TARANDUS","og_description":"\u00d6ll ver\u00f0 eru me\u00f0 VSK og \u00edsetningu Fer\u00f0at\u00e6ki &nbsp; \u2022 Crawler BATU 535i 15.990.000 kr. Exterior Colors &nbsp; \u2022 Exterior Color: Line-X Deep Black (Ral 9005) (Rough)(optional) 639.000 kr. \u2022 Exterior Color: Ash Grey \/ Silver Grey (Heper3 \/ Heper1) (Matte, Rough) (standard) &nbsp;0 kr. Upholstery Colors &nbsp; \u2022 Upholstery Color: Khaki Green &nbsp;0 kr. [&hellip;]","og_url":"https:\/\/tarandus.is\/?page_id=1122","og_site_name":"TARANDUS","article_publisher":"https:\/\/facebook.com\/crawlericeland","article_modified_time":"2025-11-01T18:38:40+00:00","twitter_card":"summary_large_image","twitter_misc":{"Est. reading time":"2 minutes"},"schema":{"@context":"https:\/\/schema.org","@graph":[{"@type":"WebPage","@id":"https:\/\/tarandus.is\/?page_id=1122","url":"https:\/\/tarandus.is\/?page_id=1122","name":"Crawler BATU 535i Ver\u00f0listi - TARANDUS","isPartOf":{"@id":"https:\/\/tarandus.is\/#website"},"datePublished":"2021-11-02T09:54:04+00:00","dateModified":"2025-11-01T18:38:40+00:00","breadcrumb":{"@id":"https:\/\/tarandus.is\/?page_id=1122#breadcrumb"},"inLanguage":"en","potentialAction":[{"@type":"ReadAction","target":["https:\/\/tarandus.is\/?page_id=1122"]}]},{"@type":"BreadcrumbList","@id":"https:\/\/tarandus.is\/?page_id=1122#breadcrumb","itemListElement":[{"@type":"ListItem","position":1,"name":"Home","item":"https:\/\/tarandus.is\/"},{"@type":"ListItem","position":2,"name":"Crawler BATU 535i Ver\u00f0listi"}]},{"@type":"WebSite","@id":"https:\/\/tarandus.is\/#website","url":"https:\/\/tarandus.is\/","name":"TARANDUS","description":"CRAWLER and DROPRACKS Dealer","publisher":{"@id":"https:\/\/tarandus.is\/#organization"},"potentialAction":[{"@type":"SearchAction","target":{"@type":"EntryPoint","urlTemplate":"https:\/\/tarandus.is\/?s={search_term_string}"},"query-input":{"@type":"PropertyValueSpecification","valueRequired":true,"valueName":"search_term_string"}}],"inLanguage":"en"},{"@type":"Organization","@id":"https:\/\/tarandus.is\/#organization","name":"Tarandus ehf.","url":"https:\/\/tarandus.is\/","logo":{"@type":"ImageObject","inLanguage":"en","@id":"https:\/\/tarandus.is\/#\/schema\/logo\/image\/","url":"https:\/\/tarandus.is\/wp-content\/uploads\/2023\/02\/cropped-Logo_Tarandus-black.-1.png","contentUrl":"https:\/\/tarandus.is\/wp-content\/uploads\/2023\/02\/cropped-Logo_Tarandus-black.-1.png","width":168,"height":206,"caption":"Tarandus ehf."},"image":{"@id":"https:\/\/tarandus.is\/#\/schema\/logo\/image\/"},"sameAs":["https:\/\/facebook.com\/crawlericeland","https:\/\/instagram.com\/tarandus.is"]}]}},"_links":{"self":[{"href":"https:\/\/tarandus.is\/index.php?rest_route=\/wp\/v2\/pages\/1122","targetHints":{"allow":["GET"]}}],"collection":[{"href":"https:\/\/tarandus.is\/index.php?rest_route=\/wp\/v2\/pages"}],"about":[{"href":"https:\/\/tarandus.is\/index.php?rest_route=\/wp\/v2\/types\/page"}],"author":[{"embeddable":true,"href":"https:\/\/tarandus.is\/index.php?rest_route=\/wp\/v2\/users\/2"}],"replies":[{"embeddable":true,"href":"https:\/\/tarandus.is\/index.php?rest_route=%2Fwp%2Fv2%2Fcomments&post=1122"}],"version-history":[{"count":29,"href":"https:\/\/tarandus.is\/index.php?rest_route=\/wp\/v2\/pages\/1122\/revisions"}],"predecessor-version":[{"id":2251,"href":"https:\/\/tarandus.is\/index.php?rest_route=\/wp\/v2\/pages\/1122\/revisions\/2251"}],"wp:attachment":[{"href":"https:\/\/tarandus.is\/index.php?rest_route=%2Fwp%2Fv2%2Fmedia&parent=1122"}],"curies":[{"name":"wp","href":"https:\/\/api.w.org\/{rel}","templated":true}]}}