{"id":1269,"date":"2021-11-03T23:26:12","date_gmt":"2021-11-03T23:26:12","guid":{"rendered":"https:\/\/tarandus.is\/?page_id=1269"},"modified":"2025-12-16T08:11:53","modified_gmt":"2025-12-16T08:11:53","slug":"thu-kemst-lengra-med-crawler-fjallahjolhysi","status":"publish","type":"page","link":"https:\/\/tarandus.is\/?page_id=1269","title":{"rendered":"Um TRC 458"},"content":{"rendered":"\t\t<div data-elementor-type=\"wp-page\" data-elementor-id=\"1269\" class=\"elementor elementor-1269\">\n\t\t\t\t\t\t<section class=\"elementor-section elementor-top-section elementor-element elementor-element-26cea423 elementor-section-boxed elementor-section-height-default elementor-section-height-default\" data-id=\"26cea423\" data-element_type=\"section\">\n\t\t\t\t\t\t<div class=\"elementor-container elementor-column-gap-default\">\n\t\t\t\t\t<div class=\"elementor-column elementor-col-100 elementor-top-column elementor-element elementor-element-6c83aa3\" data-id=\"6c83aa3\" data-element_type=\"column\">\n\t\t\t<div class=\"elementor-widget-wrap elementor-element-populated\">\n\t\t\t\t\t\t<div class=\"elementor-element elementor-element-5b3455a4 elementor-widget elementor-widget-text-editor\" data-id=\"5b3455a4\" data-element_type=\"widget\" data-widget_type=\"text-editor.default\">\n\t\t\t\t<div class=\"elementor-widget-container\">\n\t\t\t\t\t\t\t\t\t<figure><img fetchpriority=\"high\" decoding=\"async\" class=\"alignnone wp-image-1814 size-large\" src=\"https:\/\/tarandus.is\/wp-content\/uploads\/2023\/02\/TRC_RUB-1024x768.jpg\" alt=\"\" width=\"1024\" height=\"768\" srcset=\"https:\/\/tarandus.is\/wp-content\/uploads\/2023\/02\/TRC_RUB-1024x768.jpg 1024w, https:\/\/tarandus.is\/wp-content\/uploads\/2023\/02\/TRC_RUB-300x225.jpg 300w, https:\/\/tarandus.is\/wp-content\/uploads\/2023\/02\/TRC_RUB-768x576.jpg 768w, https:\/\/tarandus.is\/wp-content\/uploads\/2023\/02\/TRC_RUB-1536x1152.jpg 1536w, https:\/\/tarandus.is\/wp-content\/uploads\/2023\/02\/TRC_RUB-2048x1536.jpg 2048w\" sizes=\"(max-width: 1024px) 100vw, 1024px\" \/><\/figure>\n<figure><span style=\"font-size: 16px;\">Crawler TRC 458i er fyrir \u00fe\u00e1 sem vilja traust hj\u00f3lh\u00fdsi, fjallahj\u00f3lh\u00fdsi sem kemst n\u00e1nast allt, og hefur s\u00e1rlega vanta\u00f0 \u00e1 marka\u00f0inn h\u00e9r \u00e1 landi. Loksins er \u00ed bo\u00f0i fjallahj\u00f3lh\u00fdsi sem hefur \u00f6ll \u00fe\u00e6gindi sem fer\u00f0alangar \u00feurfa \u00e1 fer\u00f0al\u00f6gum s\u00ednum. N\u00fa er h\u00e6gt a\u00f0 sko\u00f0a \u00fe\u00e1 n\u00e1tt\u00faru og skemmtilegu sta\u00f0i sem ekki var h\u00e6gt me\u00f0 hef\u00f0bundnu hj\u00f3lh\u00fdsi. Fjallahj\u00f3lh\u00fdsi\u00f0 er hanna\u00f0 fyrir \u00edslenskar a\u00f0st\u00e6\u00f0ur en \u00fea\u00f0 kemur \u00e1 gr\u00f3fum BF Goodrich 33&#8243; dekkjum, fj\u00f3rum dempurum og gormum. Einnig er h\u00e6gt a\u00f0 f\u00e1 fjallahj\u00f3lh\u00fdsi\u00f0 \u00e1 loftp\u00fa\u00f0um fr\u00e1 verksmi\u00f0ju. Standard h\u00fdsi\u00f0 er me\u00f0 t\u00e6pa 46 cm undir l\u00e6gsta punkt sem h\u00e6gt er a\u00f0 auka me\u00f0 loftp\u00fa\u00f0afj\u00f6\u00f0run.<\/span><\/figure>\n<p><!-- \/wp:paragraph --><\/p>\n<p><!-- wp:paragraph --><\/p>\n<p>\u00cd fjallahj\u00f3lh\u00fdsinu er kl\u00f3sett sem er a\u00f0gengilegt a\u00f0 innan og utan. Eldh\u00fas er inni \u00ed h\u00fdsinu og me\u00f0 a\u00f0gengi a\u00f0 utan. Svefnr\u00fdmi er fyrir 4 -5. Crawler TRC 458i&nbsp; vegur a\u00f0eins um 1050 kg. (standard h\u00fdsi). H\u00e6gt er a\u00f0 panta diesel hitun e\u00f0a gashitun og \u00fe\u00e1 er h\u00e6gt a\u00f0 nota h\u00fdsi\u00f0 allan \u00e1rsins hring. \u00deetta er \u00fev\u00ed tilvali\u00f0 hj\u00f3lh\u00fdsi \u00ed \u00f6ll fer\u00f0al\u00f6g svo sem \u00fatilegur, h\u00e1lendisfer\u00f0ir, vei\u00f0ifer\u00f0ir o.fl.<\/p>\n<p><!-- \/wp:paragraph --><\/p>\n<p><!-- wp:paragraph --><\/p>\n<p>Crawler TRC 458i<span style=\"font-style: inherit; font-weight: inherit; color: var(--ast-global-color-3);\"> er ekki \u00f3d\u00fdrt hj\u00f3lh\u00fdsi og er alls ekki \u00e6tla\u00f0 a\u00f0 vera \u00fea\u00f0. \u00dea\u00f0 er byggt \u00e1 allt annan h\u00e1tt en venjulegt hj\u00f3lh\u00fdsi sem er framleitt \u00far plasti. TRC 458i<\/span><span style=\"color: var(--ast-global-color-3); font-size: 1rem;\">&nbsp;<\/span><span style=\"color: var(--ast-global-color-3); font-style: inherit; font-weight: inherit;\">er byggt \u00far \u00e1li og kemur \u00e1 st\u00e1lgrind. \u00c1li\u00f0 er beygt og me\u00f0h\u00f6ndla\u00f0 me\u00f0 CNC \u00e1lskur\u00f0arv\u00e9lum, j\u00e1rnpr\u00f3f\u00edlar beyg\u00f0ir og so\u00f0nir saman, yfirbor\u00f0 s\u00ed\u00f0an sprauta\u00f0 me\u00f0 LINE-X \/ RAPTOR, en \u00fea\u00f0 gefur alhli\u00f0a v\u00f6rn gegn hnjaski og \u00f3hreinindum. LINE-X \/ RAPTOR veitir einnig \u00f6fluga v\u00f6rn gegn ry\u00f0i og er vatns\u00fe\u00e9tt. Miki\u00f0 handverk og margar vinnustundir liggja a\u00f0 baki vi\u00f0 byggingu \u00e1 vagni sem ger\u00f0ur er \u00far \u00e1li og er ekki h\u00e6gt a\u00f0 l\u00edkja \u00feeirri framlei\u00f0slu vi\u00f0 framlei\u00f0slu hef\u00f0bundinna hj\u00f3lh\u00fdsa \u00e1 marka\u00f0num \u00ed dag. Ekki er heldur h\u00e6gt a\u00f0 bera saman l\u00edft\u00edma og endingu, \u00fear sem Crawler er \u00ed s\u00e9rflokki. Crawler hannar s\u00edn hj\u00f3lh\u00fdsi til a\u00f0 m\u00e6ta kr\u00f6fum og v\u00e6ntingum notenda. Hj\u00f3lh\u00fdsin eru pr\u00f3fu\u00f0 gegn titringi og eru styrktarpr\u00f3fu\u00f0 svo \u00feau ver\u00f0i \u00f6flug og traust og \u00feoli miki\u00f0 \u00e1lag.<\/span><\/p>\n<p><!-- \/wp:paragraph --><\/p>\n<p><!-- wp:paragraph --><\/p>\n<p>Crawler hefur \u00fea\u00f0 a\u00f0 lei\u00f0arlj\u00f3si a\u00f0 nota hvorki tr\u00e9 n\u00e9 plast \u00ed s\u00edna framlei\u00f0slu. Fjallahj\u00f3lh\u00fdsi\u00f0 er einangra\u00f0 me\u00f0 Isollat ceramic h\u00fa\u00f0un a\u00f0 innan \u00fear sem 2 mm samsvara 2 cm af ullareinangrun. \u00deetta kemur \u00ed veg fyrir raka og myglu. Isollat einangrunin hefur reynst vel me\u00f0al annars \u00e1 hertrukkum \u00e1 k\u00f6ldum sv\u00e6\u00f0um. A\u00f0 auki eru ArmaFlex mottur innan \u00ed veggjum og \u00feaki sem auka til muna einangrun.&nbsp;<\/p>\n<p>Ver\u00f0lista er a\u00f0 finna <a href=\"https:\/\/tarandus.is\/?page_id=1113\">h\u00e9r.<\/a><\/p>\n<p><!-- \/wp:paragraph --><\/p>\n<p><!-- wp:paragraph --><\/p>\n<p>H\u00e9r a\u00f0 ne\u00f0an er listi yfir sta\u00f0alb\u00fana\u00f0 \u00ed TRC 458i<span style=\"font-style: inherit; font-weight: inherit; color: var(--ast-global-color-3);\">. S\u00ed\u00f0an er h\u00e6gt a\u00f0 panta \u00ed hj\u00f3lh\u00fdsi\u00f0 alls konar aukahluti, en \u00feann lista er einnig a\u00f0 finna h\u00e9r a\u00f0 ne\u00f0an.<\/span><\/p>\n<p><!-- \/wp:paragraph --><\/p>\n<p><!-- wp:paragraph --><\/p>\n<p><strong> Standard features<\/strong><\/p>\n<p><!-- \/wp:paragraph --><\/p>\n<p><!-- wp:paragraph --><\/p>\n<p>\u2022 Door Flyscreen Zipped Shelves<br>\u2022 Double Side Windows with Flyscreen and Curtain<br>\u2022 Side Entrance Door<br>\u2022 Side Toilet\/Bathroom Entrance Door<br>\u2022 Rear Kitchen Cover<br>\u2022 Fixing Stands with Adjustable Height (4 Pcs)<br>\u2022 Expandable Pop-up Roof System with Windows<br>\u2022 Chrome Locks<br>\u2022 Chrome Door Stoppers<br>\u2022 Chrome Hinges<br>\u2022 External Fuel Bins Black (2 Pcs)<br>\u2022 Was Rear LED Lights<br>\u2022 Was Side Marker Lamps<br>\u2022 Rear Triangle Reflector (2 Pcs) (For Only Europe)<br>\u2022 Yellow Reflector (For Only Europe)<br>\u2022 Storage Cabinets<br>\u2022 Front Gas Bottle and Storage Compartments<br>\u2022 Outside LED Lighting<br>\u2022 Electrostatic Powder Coating (Cabinet and Interior Walls)<br>\u2022 Ceramic Based Insulation Coating<br>\u2022 Fabric Hanging Pockets<br>\u2022 Carpet Covering Over PVC Coating Floor<br>\u2022 Storage Lockers<br>\u2022 Zipped Shelves<br>\u2022 Door Flyscreen<br>\u2022 Side Door Storage Compartments<br>\u2022 4 Connection Pointed Storage Organizer with Belt<br>\u2022 Secondary Bed Area Ladder<br>\u2022 6 Buttons Analog Control Panel<br>\u2022 Battery (90A)<\/p>\n<p><!-- \/wp:paragraph --><\/p>\n<p><!-- wp:paragraph --><\/p>\n<p>\u2022 Victron Blue Smart Charger (10 Amper)<br>\u2022 USB Outlets<br>\u2022 12v Power Outlet<br>\u2022 Interior Lighting Leds<br>\u2022 13 PIN Socket (For Only Europe)<br>\u2022 Water Pump (19 Lt\/Min)<br>\u2022 Water Level Gauge<br>\u2022 Chrome Fresh Water Tank (114 Lt)<br>\u2022 Chrome Grey Water Tank (33 Lt)<br>\u2022 Black Water Tank (17 Lt)<br>\u2022 Chrome Water Filler Cap<br>\u2022 Water Drain Valve<br>\u2022 Copper Gas System<br>\u2022 Truma Double Gas Valve (Or Similar)<br>\u2022 Kitchen Inside\/Outside Accesible<br>\u2022 Chrome Kitchen Countertop<br>\u2022 Fixed Chrome Kitchen Sink<br>\u2022 Double Stoves and Pot Holder<br>\u2022 Chrome Water Tap<br>\u2022 Kitchen Cupboards and Drawers<br>\u2022 6 Person Seating Area<br>\u2022 Seat and Back Cushions<br>\u2022 Foldable Internal Table<br>\u2022 Primary Bed Area (200 x 160 cm)<br>\u2022 Secondary Bed Area (Top Opening 200 x 150 cm)<br>\u2022 Aluminium External Door<br>\u2022 Zipped Premium Internal Door<br>\u2022 Compact Laminate Flooring<br>\u2022 Portable Shower Sink<br>\u2022 Shower Head<br>\u2022 Coating Fabric Hanging Pockets<\/p>\n<p><!-- \/wp:paragraph --><\/p>\n<p><!-- wp:paragraph --><\/p>\n<p><strong>Exterior Colors<\/strong><\/p>\n<p><!-- \/wp:paragraph --><\/p>\n<p><!-- wp:paragraph --><\/p>\n<p>\u2022 Exterior Color: Line-X Deep Black (Ral 9005) (Rough)(optional)<br>\u2022 Exterior Color: Ash Grey \/ Deep Black (Heper3 \/ Ral 9005) (Matte,Rough)(standard)<br>\u2022 Exterior Color: Ash Grey \/ Silver Grey (Heper3 \/ Heper1) (Matte,Rough)(optional)<br>\u2022 Exterior Color: Sahara Beige \/ Military Green (Ral 1015 \/ Ral 6003) (Matte,Rough)(optional)<\/p>\n<p><!-- \/wp:paragraph --><\/p>\n<p><!-- wp:paragraph --><\/p>\n<p><strong>Upholstery Colors<\/strong><\/p>\n<p><!-- \/wp:paragraph --><\/p>\n<p><!-- wp:paragraph --><\/p>\n<p>\u2022 Upholstery Color: Khaki Green<br>\u2022 Upholstery Color: Ice Grey<br>\u2022 Upholstery Color: Carbon Black<br>\u2022 Upholstery Color: Sand Beige<\/p>\n<p><!-- \/wp:paragraph --><\/p>\n<p><!-- wp:paragraph --><\/p>\n<p><strong>Spare Wheel Area<\/strong><\/p>\n<p><!-- \/wp:paragraph --><\/p>\n<p><!-- wp:paragraph --><\/p>\n<p>\u2022 Chrome Spare Wheel &amp; Spare Wheel Holder (optional)<br>\u2022 Chrome Spare Wheel &amp; Spare Wheel Holder &amp; External Premium Shower (optional)<\/p>\n<p><!-- \/wp:paragraph --><\/p>\n<p><!-- wp:paragraph --><\/p>\n<p><strong>Refrigerator<\/strong><\/p>\n<p><!-- \/wp:paragraph --><\/p>\n<p><!-- wp:paragraph --><\/p>\n<p>\u2022 Berhimi 50 Refrigerator (optional)<br>\u2022 Dometic 65 Refrigerator (optional)<br>\u2022 Engel 57 Refrigerator (optional)<\/p>\n<p><!-- \/wp:paragraph --><\/p>\n<p><!-- wp:paragraph --><\/p>\n<p><strong>Solar Panel<\/strong><\/p>\n<p><!-- \/wp:paragraph --><\/p>\n<p><!-- wp:paragraph --><\/p>\n<p>\u2022 Schmid Solar Panel 325W &amp; Charge Regulator (optional)<\/p>\n<p><!-- \/wp:paragraph --><\/p>\n<p><!-- wp:paragraph --><\/p>\n<p><strong>Optional Products<\/strong><\/p>\n<p><!-- \/wp:paragraph --><\/p>\n<p><!-- wp:paragraph --><\/p>\n<p>\u2022 Adjustable Dynamic Air Suspansion<br>\u2022 Alko or Winterhoff Coupling Lock<br>\u2022 Truma Mover XT2 (Mobility Without A Towing Vehicle)<br>\u2022 Extra Gray Water Tank 17L (Crawler Smart Panel is Mandatory)<br>\u2022 Rear Light Protector (Black)<br>\u2022 Crawler 270 Degree Premium Tent (Mouse Grey)<br>\u2022 Gas Outlet For BBQ Grill<br>\u2022 External Chrome Fresh Water Tank (Price Difference)<br>\u2022 External Portable Kitchen (It is recommended to be used with Gas Outlet For BBQ Grill)<br>\u2022 Gun Holder<br>\u2022 Victron Energy 220 Ah Battery (Price Difference)<br>\u2022 Eberspacher D4 Airtron\u0131c Air Heater (Diesel)<br>\u2022 Thule Electrical Step<br>\u2022 Truma Box Type Air Conditioner<br>\u2022 Truma Combi 4 Air &amp; Water Heater<br>\u2022 Trauma Boiler (Water Heater)<br>\u2022 Projector Lighting (Exterior, Right &amp; Left)<br>\u2022 Water Anti Freeze System<br>\u2022 Come Up Winch or Equivalent (12000Lb)<br>\u2022 Crawler Smart Panel<\/p>\n<p><!-- \/wp:paragraph --><\/p>\n<p><!-- wp:image {\"id\":1281,\"sizeSlug\":\"full\",\"linkDestination\":\"none\"} --><\/p>\n<figure><img decoding=\"async\" src=\"https:\/\/tarandus.is\/wp-content\/uploads\/2021\/11\/image-3.png\" alt=\"\"><\/figure>\n<p><!-- \/wp:image --><\/p>\n<p><!-- wp:image {\"id\":1282,\"sizeSlug\":\"full\",\"linkDestination\":\"none\"} --><\/p>\n<figure><img decoding=\"async\" src=\"https:\/\/tarandus.is\/wp-content\/uploads\/2021\/11\/image-4.png\" alt=\"\"><\/figure>\n<p><a href=\"http:\/\/www.crawlercaravans.com\" target=\"_blank\" rel=\"noopener\">Crawler Caravans<\/a><\/p>\n<p><!-- \/wp:image --><\/p>\t\t\t\t\t\t\t\t<\/div>\n\t\t\t\t<\/div>\n\t\t\t\t\t<\/div>\n\t\t<\/div>\n\t\t\t\t\t<\/div>\n\t\t<\/section>\n\t\t\t\t<\/div>\n\t\t","protected":false},"excerpt":{"rendered":"<p>Crawler TRC 458i er fyrir \u00fe\u00e1 sem vilja traust hj\u00f3lh\u00fdsi, fjallahj\u00f3lh\u00fdsi sem kemst n\u00e1nast allt, og hefur s\u00e1rlega vanta\u00f0 \u00e1 marka\u00f0inn h\u00e9r \u00e1 landi. Loksins er \u00ed bo\u00f0i fjallahj\u00f3lh\u00fdsi sem hefur \u00f6ll \u00fe\u00e6gindi sem fer\u00f0alangar \u00feurfa \u00e1 fer\u00f0al\u00f6gum s\u00ednum. N\u00fa er h\u00e6gt a\u00f0 sko\u00f0a \u00fe\u00e1 n\u00e1tt\u00faru og skemmtilegu sta\u00f0i sem ekki var h\u00e6gt me\u00f0 hef\u00f0bundnu [&hellip;]<\/p>\n","protected":false},"author":2,"featured_media":0,"parent":0,"menu_order":0,"comment_status":"closed","ping_status":"closed","template":"","meta":{"site-sidebar-layout":"default","site-content-layout":"","ast-site-content-layout":"default","site-content-style":"default","site-sidebar-style":"default","ast-global-header-display":"","ast-banner-title-visibility":"","ast-main-header-display":"","ast-hfb-above-header-display":"","ast-hfb-below-header-display":"","ast-hfb-mobile-header-display":"","site-post-title":"","ast-breadcrumbs-content":"","ast-featured-img":"","footer-sml-layout":"","theme-transparent-header-meta":"","adv-header-id-meta":"","stick-header-meta":"","header-above-stick-meta":"","header-main-stick-meta":"","header-below-stick-meta":"","astra-migrate-meta-layouts":"set","ast-page-background-enabled":"default","ast-page-background-meta":{"desktop":{"background-color":"","background-image":"","background-repeat":"repeat","background-position":"center center","background-size":"auto","background-attachment":"scroll","background-type":"","background-media":"","overlay-type":"","overlay-color":"","overlay-opacity":"","overlay-gradient":""},"tablet":{"background-color":"","background-image":"","background-repeat":"repeat","background-position":"center center","background-size":"auto","background-attachment":"scroll","background-type":"","background-media":"","overlay-type":"","overlay-color":"","overlay-opacity":"","overlay-gradient":""},"mobile":{"background-color":"","background-image":"","background-repeat":"repeat","background-position":"center center","background-size":"auto","background-attachment":"scroll","background-type":"","background-media":"","overlay-type":"","overlay-color":"","overlay-opacity":"","overlay-gradient":""}},"ast-content-background-meta":{"desktop":{"background-color":"var(--ast-global-color-5)","background-image":"","background-repeat":"repeat","background-position":"center center","background-size":"auto","background-attachment":"scroll","background-type":"","background-media":"","overlay-type":"","overlay-color":"","overlay-opacity":"","overlay-gradient":""},"tablet":{"background-color":"var(--ast-global-color-5)","background-image":"","background-repeat":"repeat","background-position":"center center","background-size":"auto","background-attachment":"scroll","background-type":"","background-media":"","overlay-type":"","overlay-color":"","overlay-opacity":"","overlay-gradient":""},"mobile":{"background-color":"var(--ast-global-color-5)","background-image":"","background-repeat":"repeat","background-position":"center center","background-size":"auto","background-attachment":"scroll","background-type":"","background-media":"","overlay-type":"","overlay-color":"","overlay-opacity":"","overlay-gradient":""}},"footnotes":""},"class_list":["post-1269","page","type-page","status-publish","hentry"],"yoast_head":"<!-- This site is optimized with the Yoast SEO plugin v26.0 - https:\/\/yoast.com\/wordpress\/plugins\/seo\/ -->\n<title>Crawler fjallahj\u00f3lh\u00fdsi - Um TRC 458 Tarandus ehf.<\/title>\n<meta name=\"description\" content=\"Crawler fjallahj\u00f3lh\u00fdsi er fr\u00e1b\u00e6r fer\u00f0af\u00e9lagi. N\u00fa kemstu \u00e1 h\u00e1lendi \u00cdslands me\u00f0 fjallahj\u00f3lh\u00fdsi sem hefur \u00f6ll \u00fe\u00e6gindi.\" \/>\n<meta name=\"robots\" content=\"index, follow, max-snippet:-1, max-image-preview:large, max-video-preview:-1\" \/>\n<link rel=\"canonical\" href=\"https:\/\/tarandus.is\/?page_id=1269\" \/>\n<meta property=\"og:locale\" content=\"en_US\" \/>\n<meta property=\"og:type\" content=\"article\" \/>\n<meta property=\"og:title\" content=\"Crawler fjallahj\u00f3lh\u00fdsi - Um TRC 458 Tarandus ehf.\" \/>\n<meta property=\"og:description\" content=\"Crawler fjallahj\u00f3lh\u00fdsi er fr\u00e1b\u00e6r fer\u00f0af\u00e9lagi. N\u00fa kemstu \u00e1 h\u00e1lendi \u00cdslands me\u00f0 fjallahj\u00f3lh\u00fdsi sem hefur \u00f6ll \u00fe\u00e6gindi.\" \/>\n<meta property=\"og:url\" content=\"https:\/\/tarandus.is\/?page_id=1269\" \/>\n<meta property=\"og:site_name\" content=\"TARANDUS\" \/>\n<meta property=\"article:publisher\" content=\"https:\/\/facebook.com\/crawlericeland\" \/>\n<meta property=\"article:modified_time\" content=\"2025-12-16T08:11:53+00:00\" \/>\n<meta property=\"og:image\" content=\"https:\/\/tarandus.is\/wp-content\/uploads\/2023\/02\/TRC_RUB-scaled.jpg\" \/>\n\t<meta property=\"og:image:width\" content=\"2560\" \/>\n\t<meta property=\"og:image:height\" content=\"1920\" \/>\n\t<meta property=\"og:image:type\" content=\"image\/jpeg\" \/>\n<meta name=\"twitter:card\" content=\"summary_large_image\" \/>\n<meta name=\"twitter:label1\" content=\"Est. reading time\" \/>\n\t<meta name=\"twitter:data1\" content=\"6 minutes\" \/>\n<script type=\"application\/ld+json\" class=\"yoast-schema-graph\">{\"@context\":\"https:\/\/schema.org\",\"@graph\":[{\"@type\":\"WebPage\",\"@id\":\"https:\/\/tarandus.is\/?page_id=1269\",\"url\":\"https:\/\/tarandus.is\/?page_id=1269\",\"name\":\"Crawler fjallahj\u00f3lh\u00fdsi - Um TRC 458 Tarandus ehf.\",\"isPartOf\":{\"@id\":\"https:\/\/tarandus.is\/#website\"},\"primaryImageOfPage\":{\"@id\":\"https:\/\/tarandus.is\/?page_id=1269#primaryimage\"},\"image\":{\"@id\":\"https:\/\/tarandus.is\/?page_id=1269#primaryimage\"},\"thumbnailUrl\":\"https:\/\/tarandus.is\/wp-content\/uploads\/2023\/02\/TRC_RUB-1024x768.jpg\",\"datePublished\":\"2021-11-03T23:26:12+00:00\",\"dateModified\":\"2025-12-16T08:11:53+00:00\",\"description\":\"Crawler fjallahj\u00f3lh\u00fdsi er fr\u00e1b\u00e6r fer\u00f0af\u00e9lagi. N\u00fa kemstu \u00e1 h\u00e1lendi \u00cdslands me\u00f0 fjallahj\u00f3lh\u00fdsi sem hefur \u00f6ll \u00fe\u00e6gindi.\",\"breadcrumb\":{\"@id\":\"https:\/\/tarandus.is\/?page_id=1269#breadcrumb\"},\"inLanguage\":\"en\",\"potentialAction\":[{\"@type\":\"ReadAction\",\"target\":[\"https:\/\/tarandus.is\/?page_id=1269\"]}]},{\"@type\":\"ImageObject\",\"inLanguage\":\"en\",\"@id\":\"https:\/\/tarandus.is\/?page_id=1269#primaryimage\",\"url\":\"https:\/\/tarandus.is\/wp-content\/uploads\/2023\/02\/TRC_RUB-scaled.jpg\",\"contentUrl\":\"https:\/\/tarandus.is\/wp-content\/uploads\/2023\/02\/TRC_RUB-scaled.jpg\",\"width\":2560,\"height\":1920},{\"@type\":\"BreadcrumbList\",\"@id\":\"https:\/\/tarandus.is\/?page_id=1269#breadcrumb\",\"itemListElement\":[{\"@type\":\"ListItem\",\"position\":1,\"name\":\"Home\",\"item\":\"https:\/\/tarandus.is\/\"},{\"@type\":\"ListItem\",\"position\":2,\"name\":\"Um TRC 458\"}]},{\"@type\":\"WebSite\",\"@id\":\"https:\/\/tarandus.is\/#website\",\"url\":\"https:\/\/tarandus.is\/\",\"name\":\"TARANDUS\",\"description\":\"CRAWLER and DROPRACKS Dealer\",\"publisher\":{\"@id\":\"https:\/\/tarandus.is\/#organization\"},\"potentialAction\":[{\"@type\":\"SearchAction\",\"target\":{\"@type\":\"EntryPoint\",\"urlTemplate\":\"https:\/\/tarandus.is\/?s={search_term_string}\"},\"query-input\":{\"@type\":\"PropertyValueSpecification\",\"valueRequired\":true,\"valueName\":\"search_term_string\"}}],\"inLanguage\":\"en\"},{\"@type\":\"Organization\",\"@id\":\"https:\/\/tarandus.is\/#organization\",\"name\":\"Tarandus ehf.\",\"url\":\"https:\/\/tarandus.is\/\",\"logo\":{\"@type\":\"ImageObject\",\"inLanguage\":\"en\",\"@id\":\"https:\/\/tarandus.is\/#\/schema\/logo\/image\/\",\"url\":\"https:\/\/tarandus.is\/wp-content\/uploads\/2023\/02\/cropped-Logo_Tarandus-black.-1.png\",\"contentUrl\":\"https:\/\/tarandus.is\/wp-content\/uploads\/2023\/02\/cropped-Logo_Tarandus-black.-1.png\",\"width\":168,\"height\":206,\"caption\":\"Tarandus ehf.\"},\"image\":{\"@id\":\"https:\/\/tarandus.is\/#\/schema\/logo\/image\/\"},\"sameAs\":[\"https:\/\/facebook.com\/crawlericeland\",\"https:\/\/instagram.com\/tarandus.is\"]}]}<\/script>\n<!-- \/ Yoast SEO plugin. -->","yoast_head_json":{"title":"Crawler fjallahj\u00f3lh\u00fdsi - Um TRC 458 Tarandus ehf.","description":"Crawler fjallahj\u00f3lh\u00fdsi er fr\u00e1b\u00e6r fer\u00f0af\u00e9lagi. N\u00fa kemstu \u00e1 h\u00e1lendi \u00cdslands me\u00f0 fjallahj\u00f3lh\u00fdsi sem hefur \u00f6ll \u00fe\u00e6gindi.","robots":{"index":"index","follow":"follow","max-snippet":"max-snippet:-1","max-image-preview":"max-image-preview:large","max-video-preview":"max-video-preview:-1"},"canonical":"https:\/\/tarandus.is\/?page_id=1269","og_locale":"en_US","og_type":"article","og_title":"Crawler fjallahj\u00f3lh\u00fdsi - Um TRC 458 Tarandus ehf.","og_description":"Crawler fjallahj\u00f3lh\u00fdsi er fr\u00e1b\u00e6r fer\u00f0af\u00e9lagi. N\u00fa kemstu \u00e1 h\u00e1lendi \u00cdslands me\u00f0 fjallahj\u00f3lh\u00fdsi sem hefur \u00f6ll \u00fe\u00e6gindi.","og_url":"https:\/\/tarandus.is\/?page_id=1269","og_site_name":"TARANDUS","article_publisher":"https:\/\/facebook.com\/crawlericeland","article_modified_time":"2025-12-16T08:11:53+00:00","og_image":[{"width":2560,"height":1920,"url":"https:\/\/tarandus.is\/wp-content\/uploads\/2023\/02\/TRC_RUB-scaled.jpg","type":"image\/jpeg"}],"twitter_card":"summary_large_image","twitter_misc":{"Est. reading time":"6 minutes"},"schema":{"@context":"https:\/\/schema.org","@graph":[{"@type":"WebPage","@id":"https:\/\/tarandus.is\/?page_id=1269","url":"https:\/\/tarandus.is\/?page_id=1269","name":"Crawler fjallahj\u00f3lh\u00fdsi - Um TRC 458 Tarandus ehf.","isPartOf":{"@id":"https:\/\/tarandus.is\/#website"},"primaryImageOfPage":{"@id":"https:\/\/tarandus.is\/?page_id=1269#primaryimage"},"image":{"@id":"https:\/\/tarandus.is\/?page_id=1269#primaryimage"},"thumbnailUrl":"https:\/\/tarandus.is\/wp-content\/uploads\/2023\/02\/TRC_RUB-1024x768.jpg","datePublished":"2021-11-03T23:26:12+00:00","dateModified":"2025-12-16T08:11:53+00:00","description":"Crawler fjallahj\u00f3lh\u00fdsi er fr\u00e1b\u00e6r fer\u00f0af\u00e9lagi. N\u00fa kemstu \u00e1 h\u00e1lendi \u00cdslands me\u00f0 fjallahj\u00f3lh\u00fdsi sem hefur \u00f6ll \u00fe\u00e6gindi.","breadcrumb":{"@id":"https:\/\/tarandus.is\/?page_id=1269#breadcrumb"},"inLanguage":"en","potentialAction":[{"@type":"ReadAction","target":["https:\/\/tarandus.is\/?page_id=1269"]}]},{"@type":"ImageObject","inLanguage":"en","@id":"https:\/\/tarandus.is\/?page_id=1269#primaryimage","url":"https:\/\/tarandus.is\/wp-content\/uploads\/2023\/02\/TRC_RUB-scaled.jpg","contentUrl":"https:\/\/tarandus.is\/wp-content\/uploads\/2023\/02\/TRC_RUB-scaled.jpg","width":2560,"height":1920},{"@type":"BreadcrumbList","@id":"https:\/\/tarandus.is\/?page_id=1269#breadcrumb","itemListElement":[{"@type":"ListItem","position":1,"name":"Home","item":"https:\/\/tarandus.is\/"},{"@type":"ListItem","position":2,"name":"Um TRC 458"}]},{"@type":"WebSite","@id":"https:\/\/tarandus.is\/#website","url":"https:\/\/tarandus.is\/","name":"TARANDUS","description":"CRAWLER and DROPRACKS Dealer","publisher":{"@id":"https:\/\/tarandus.is\/#organization"},"potentialAction":[{"@type":"SearchAction","target":{"@type":"EntryPoint","urlTemplate":"https:\/\/tarandus.is\/?s={search_term_string}"},"query-input":{"@type":"PropertyValueSpecification","valueRequired":true,"valueName":"search_term_string"}}],"inLanguage":"en"},{"@type":"Organization","@id":"https:\/\/tarandus.is\/#organization","name":"Tarandus ehf.","url":"https:\/\/tarandus.is\/","logo":{"@type":"ImageObject","inLanguage":"en","@id":"https:\/\/tarandus.is\/#\/schema\/logo\/image\/","url":"https:\/\/tarandus.is\/wp-content\/uploads\/2023\/02\/cropped-Logo_Tarandus-black.-1.png","contentUrl":"https:\/\/tarandus.is\/wp-content\/uploads\/2023\/02\/cropped-Logo_Tarandus-black.-1.png","width":168,"height":206,"caption":"Tarandus ehf."},"image":{"@id":"https:\/\/tarandus.is\/#\/schema\/logo\/image\/"},"sameAs":["https:\/\/facebook.com\/crawlericeland","https:\/\/instagram.com\/tarandus.is"]}]}},"_links":{"self":[{"href":"https:\/\/tarandus.is\/index.php?rest_route=\/wp\/v2\/pages\/1269","targetHints":{"allow":["GET"]}}],"collection":[{"href":"https:\/\/tarandus.is\/index.php?rest_route=\/wp\/v2\/pages"}],"about":[{"href":"https:\/\/tarandus.is\/index.php?rest_route=\/wp\/v2\/types\/page"}],"author":[{"embeddable":true,"href":"https:\/\/tarandus.is\/index.php?rest_route=\/wp\/v2\/users\/2"}],"replies":[{"embeddable":true,"href":"https:\/\/tarandus.is\/index.php?rest_route=%2Fwp%2Fv2%2Fcomments&post=1269"}],"version-history":[{"count":62,"href":"https:\/\/tarandus.is\/index.php?rest_route=\/wp\/v2\/pages\/1269\/revisions"}],"predecessor-version":[{"id":2260,"href":"https:\/\/tarandus.is\/index.php?rest_route=\/wp\/v2\/pages\/1269\/revisions\/2260"}],"wp:attachment":[{"href":"https:\/\/tarandus.is\/index.php?rest_route=%2Fwp%2Fv2%2Fmedia&parent=1269"}],"curies":[{"name":"wp","href":"https:\/\/api.w.org\/{rel}","templated":true}]}}