{"id":1924,"date":"2024-01-24T22:37:16","date_gmt":"2024-01-24T22:37:16","guid":{"rendered":"https:\/\/tarandus.is\/?page_id=1924"},"modified":"2024-01-24T22:51:35","modified_gmt":"2024-01-24T22:51:35","slug":"snap-a-yak-2-kajakfesting","status":"publish","type":"page","link":"https:\/\/tarandus.is\/?page_id=1924","title":{"rendered":"Snap A Yak 2 kajakfesting"},"content":{"rendered":"\n<p>Looking for a lightweight and easy-to-use carrier for your kayak or surf boards?<\/p>\n\n\n\n<p>Look no further than the Dropracks Snap A Yak 2! Our high selling first version was a big success, and we are thrilled to release our second edition!<\/p>\n\n\n\n<p>Designed to snap on and off your Dropracks in seconds, this carrier is the ultimate in convenience and portability.<\/p>\n\n\n\n<p>Snap it on when you need it, and remove it when you don&#8217;t.<\/p>\n\n\n\n<p>With its innovative and lightweight design, the Snap A Yak fits perfectly into your Dropracks T-Tracks, ensuring a secure and stable fit for your kayak.<\/p>\n\n\n\n<p>Plus, its lightweight construction makes it easy to install and remove, so you can install it faster than ever before.<\/p>\n\n\n\n<p>The latest version of the Snap A Yak now includes our beloved triangular eye bolts as standard for your tie down straps. (Tie downs purchased separately). You will be able to quickly and easily secure your kayak for worry-free transport.<\/p>\n\n\n\n<p>These high-quality eye bolts provide a secure and stable attachment point for your tie down straps, ensuring that your kayak stays in place during transport.<\/p>\n\n\n\n<p>Please note that tie down straps must be purchased separately.<\/p>\n\n\n\n<p>If you&#8217;re looking for a lightweight, easy-to-use kayak carrier that&#8217;s perfect for your Dropracks?<\/p>\n\n\n\n<p>Look no further than the Snap A Yak 2!<\/p>\n\n\n\n<figure class=\"wp-block-gallery has-nested-images columns-default is-cropped wp-block-gallery-1 is-layout-flex wp-block-gallery-is-layout-flex\">\n<figure class=\"wp-block-image size-large\"><img fetchpriority=\"high\" decoding=\"async\" width=\"720\" height=\"518\" data-id=\"1930\" src=\"https:\/\/tarandus.is\/wp-content\/uploads\/2024\/01\/dropracks_1_720x.webp\" alt=\"\" class=\"wp-image-1930\" srcset=\"https:\/\/tarandus.is\/wp-content\/uploads\/2024\/01\/dropracks_1_720x.webp 720w, https:\/\/tarandus.is\/wp-content\/uploads\/2024\/01\/dropracks_1_720x-300x216.webp 300w\" sizes=\"(max-width: 720px) 100vw, 720px\" \/><\/figure>\n\n\n\n<figure class=\"wp-block-image size-large\"><img decoding=\"async\" width=\"720\" height=\"405\" data-id=\"1931\" src=\"https:\/\/tarandus.is\/wp-content\/uploads\/2024\/01\/IMG20230505142124_720x.webp\" alt=\"\" class=\"wp-image-1931\" srcset=\"https:\/\/tarandus.is\/wp-content\/uploads\/2024\/01\/IMG20230505142124_720x.webp 720w, https:\/\/tarandus.is\/wp-content\/uploads\/2024\/01\/IMG20230505142124_720x-300x169.webp 300w\" sizes=\"(max-width: 720px) 100vw, 720px\" \/><\/figure>\n\n\n\n<figure class=\"wp-block-image size-large\"><img decoding=\"async\" width=\"720\" height=\"540\" data-id=\"1935\" src=\"https:\/\/tarandus.is\/wp-content\/uploads\/2024\/01\/IMG_1995_720x.jpg\" alt=\"\" class=\"wp-image-1935\" srcset=\"https:\/\/tarandus.is\/wp-content\/uploads\/2024\/01\/IMG_1995_720x.jpg 720w, https:\/\/tarandus.is\/wp-content\/uploads\/2024\/01\/IMG_1995_720x-300x225.jpg 300w\" sizes=\"(max-width: 720px) 100vw, 720px\" \/><\/figure>\n\n\n\n<figure class=\"wp-block-image size-large\"><img loading=\"lazy\" decoding=\"async\" width=\"720\" height=\"540\" data-id=\"1939\" src=\"https:\/\/tarandus.is\/wp-content\/uploads\/2024\/01\/IMG_20210622_113506_720x.jpg\" alt=\"\" class=\"wp-image-1939\" srcset=\"https:\/\/tarandus.is\/wp-content\/uploads\/2024\/01\/IMG_20210622_113506_720x.jpg 720w, https:\/\/tarandus.is\/wp-content\/uploads\/2024\/01\/IMG_20210622_113506_720x-300x225.jpg 300w\" sizes=\"(max-width: 720px) 100vw, 720px\" \/><\/figure>\n\n\n\n<figure class=\"wp-block-image size-large\"><img loading=\"lazy\" decoding=\"async\" width=\"720\" height=\"960\" data-id=\"1936\" src=\"https:\/\/tarandus.is\/wp-content\/uploads\/2024\/01\/IMG_20210611_122410_720x.webp\" alt=\"\" class=\"wp-image-1936\" srcset=\"https:\/\/tarandus.is\/wp-content\/uploads\/2024\/01\/IMG_20210611_122410_720x.webp 720w, https:\/\/tarandus.is\/wp-content\/uploads\/2024\/01\/IMG_20210611_122410_720x-225x300.webp 225w\" sizes=\"(max-width: 720px) 100vw, 720px\" \/><\/figure>\n\n\n\n<figure class=\"wp-block-image size-large\"><img loading=\"lazy\" decoding=\"async\" width=\"720\" height=\"960\" data-id=\"1937\" src=\"https:\/\/tarandus.is\/wp-content\/uploads\/2024\/01\/IMG_20210509_150218_2_720x.webp\" alt=\"\" class=\"wp-image-1937\" srcset=\"https:\/\/tarandus.is\/wp-content\/uploads\/2024\/01\/IMG_20210509_150218_2_720x.webp 720w, https:\/\/tarandus.is\/wp-content\/uploads\/2024\/01\/IMG_20210509_150218_2_720x-225x300.webp 225w\" sizes=\"(max-width: 720px) 100vw, 720px\" \/><\/figure>\n\n\n\n<figure class=\"wp-block-image size-large\"><img loading=\"lazy\" decoding=\"async\" width=\"720\" height=\"960\" data-id=\"1932\" src=\"https:\/\/tarandus.is\/wp-content\/uploads\/2024\/01\/IMG_20210506_214521_720x.webp\" alt=\"\" class=\"wp-image-1932\" srcset=\"https:\/\/tarandus.is\/wp-content\/uploads\/2024\/01\/IMG_20210506_214521_720x.webp 720w, https:\/\/tarandus.is\/wp-content\/uploads\/2024\/01\/IMG_20210506_214521_720x-225x300.webp 225w\" sizes=\"(max-width: 720px) 100vw, 720px\" \/><\/figure>\n\n\n\n<figure class=\"wp-block-image size-large\"><img loading=\"lazy\" decoding=\"async\" width=\"720\" height=\"540\" data-id=\"1933\" src=\"https:\/\/tarandus.is\/wp-content\/uploads\/2024\/01\/ProductVersion1_720x.webp\" alt=\"\" class=\"wp-image-1933\" srcset=\"https:\/\/tarandus.is\/wp-content\/uploads\/2024\/01\/ProductVersion1_720x.webp 720w, https:\/\/tarandus.is\/wp-content\/uploads\/2024\/01\/ProductVersion1_720x-300x225.webp 300w\" sizes=\"(max-width: 720px) 100vw, 720px\" \/><\/figure>\n\n\n\n<figure class=\"wp-block-image size-large\"><img loading=\"lazy\" decoding=\"async\" width=\"1024\" height=\"577\" data-id=\"1938\" src=\"https:\/\/tarandus.is\/wp-content\/uploads\/2024\/01\/IMG20230505142113_1500x-1024x577.webp\" alt=\"\" class=\"wp-image-1938\" srcset=\"https:\/\/tarandus.is\/wp-content\/uploads\/2024\/01\/IMG20230505142113_1500x-1024x577.webp 1024w, https:\/\/tarandus.is\/wp-content\/uploads\/2024\/01\/IMG20230505142113_1500x-300x169.webp 300w, https:\/\/tarandus.is\/wp-content\/uploads\/2024\/01\/IMG20230505142113_1500x-768x433.webp 768w, https:\/\/tarandus.is\/wp-content\/uploads\/2024\/01\/IMG20230505142113_1500x.webp 1500w\" sizes=\"(max-width: 1024px) 100vw, 1024px\" \/><\/figure>\n\n\n\n<figure class=\"wp-block-image size-large\"><img loading=\"lazy\" decoding=\"async\" width=\"1024\" height=\"737\" data-id=\"1934\" src=\"https:\/\/tarandus.is\/wp-content\/uploads\/2024\/01\/dropracks_2_1500x-1024x737.webp\" alt=\"\" class=\"wp-image-1934\" srcset=\"https:\/\/tarandus.is\/wp-content\/uploads\/2024\/01\/dropracks_2_1500x-1024x737.webp 1024w, https:\/\/tarandus.is\/wp-content\/uploads\/2024\/01\/dropracks_2_1500x-300x216.webp 300w, https:\/\/tarandus.is\/wp-content\/uploads\/2024\/01\/dropracks_2_1500x-768x552.webp 768w, https:\/\/tarandus.is\/wp-content\/uploads\/2024\/01\/dropracks_2_1500x.webp 1500w\" sizes=\"(max-width: 1024px) 100vw, 1024px\" \/><\/figure>\n<\/figure>\n\n\n\n<p><strong>Ver\u00f0: 19.900 kr m\/vsk.  (Festingar fyrir einn kajak me\u00f0 boltum \u00e1 \u00feverboga)<\/strong>.<\/p>\n","protected":false},"excerpt":{"rendered":"<p>Looking for a lightweight and easy-to-use carrier for your kayak or surf boards? Look no further than the Dropracks Snap A Yak 2! Our high selling first version was a big success, and we are thrilled to release our second edition! Designed to snap on and off your Dropracks in seconds, this carrier is the [&hellip;]<\/p>\n","protected":false},"author":2,"featured_media":0,"parent":0,"menu_order":0,"comment_status":"closed","ping_status":"closed","template":"","meta":{"site-sidebar-layout":"default","site-content-layout":"","ast-site-content-layout":"","site-content-style":"default","site-sidebar-style":"default","ast-global-header-display":"","ast-banner-title-visibility":"","ast-main-header-display":"","ast-hfb-above-header-display":"","ast-hfb-below-header-display":"","ast-hfb-mobile-header-display":"","site-post-title":"","ast-breadcrumbs-content":"","ast-featured-img":"","footer-sml-layout":"","theme-transparent-header-meta":"","adv-header-id-meta":"","stick-header-meta":"","header-above-stick-meta":"","header-main-stick-meta":"","header-below-stick-meta":"","astra-migrate-meta-layouts":"default","ast-page-background-enabled":"default","ast-page-background-meta":{"desktop":{"background-color":"","background-image":"","background-repeat":"repeat","background-position":"center center","background-size":"auto","background-attachment":"scroll","background-type":"","background-media":"","overlay-type":"","overlay-color":"","overlay-opacity":"","overlay-gradient":""},"tablet":{"background-color":"","background-image":"","background-repeat":"repeat","background-position":"center center","background-size":"auto","background-attachment":"scroll","background-type":"","background-media":"","overlay-type":"","overlay-color":"","overlay-opacity":"","overlay-gradient":""},"mobile":{"background-color":"","background-image":"","background-repeat":"repeat","background-position":"center center","background-size":"auto","background-attachment":"scroll","background-type":"","background-media":"","overlay-type":"","overlay-color":"","overlay-opacity":"","overlay-gradient":""}},"ast-content-background-meta":{"desktop":{"background-color":"var(--ast-global-color-5)","background-image":"","background-repeat":"repeat","background-position":"center center","background-size":"auto","background-attachment":"scroll","background-type":"","background-media":"","overlay-type":"","overlay-color":"","overlay-opacity":"","overlay-gradient":""},"tablet":{"background-color":"var(--ast-global-color-5)","background-image":"","background-repeat":"repeat","background-position":"center center","background-size":"auto","background-attachment":"scroll","background-type":"","background-media":"","overlay-type":"","overlay-color":"","overlay-opacity":"","overlay-gradient":""},"mobile":{"background-color":"var(--ast-global-color-5)","background-image":"","background-repeat":"repeat","background-position":"center center","background-size":"auto","background-attachment":"scroll","background-type":"","background-media":"","overlay-type":"","overlay-color":"","overlay-opacity":"","overlay-gradient":""}},"footnotes":""},"class_list":["post-1924","page","type-page","status-publish","hentry"],"yoast_head":"<!-- This site is optimized with the Yoast SEO plugin v26.0 - https:\/\/yoast.com\/wordpress\/plugins\/seo\/ -->\n<title>Snap A Yak 2 kajakfesting - TARANDUS<\/title>\n<meta name=\"robots\" content=\"index, follow, max-snippet:-1, max-image-preview:large, max-video-preview:-1\" \/>\n<link rel=\"canonical\" href=\"https:\/\/tarandus.is\/?page_id=1924\" \/>\n<meta property=\"og:locale\" content=\"en_US\" \/>\n<meta property=\"og:type\" content=\"article\" \/>\n<meta property=\"og:title\" content=\"Snap A Yak 2 kajakfesting - TARANDUS\" \/>\n<meta property=\"og:description\" content=\"Looking for a lightweight and easy-to-use carrier for your kayak or surf boards? Look no further than the Dropracks Snap A Yak 2! Our high selling first version was a big success, and we are thrilled to release our second edition! Designed to snap on and off your Dropracks in seconds, this carrier is the [&hellip;]\" \/>\n<meta property=\"og:url\" content=\"https:\/\/tarandus.is\/?page_id=1924\" \/>\n<meta property=\"og:site_name\" content=\"TARANDUS\" \/>\n<meta property=\"article:publisher\" content=\"https:\/\/facebook.com\/crawlericeland\" \/>\n<meta property=\"article:modified_time\" content=\"2024-01-24T22:51:35+00:00\" \/>\n<meta property=\"og:image\" content=\"https:\/\/tarandus.is\/wp-content\/uploads\/2024\/01\/dropracks_1_720x.webp\" \/>\n<meta name=\"twitter:card\" content=\"summary_large_image\" \/>\n<meta name=\"twitter:label1\" content=\"Est. reading time\" \/>\n\t<meta name=\"twitter:data1\" content=\"1 minute\" \/>\n<script type=\"application\/ld+json\" class=\"yoast-schema-graph\">{\"@context\":\"https:\/\/schema.org\",\"@graph\":[{\"@type\":\"WebPage\",\"@id\":\"https:\/\/tarandus.is\/?page_id=1924\",\"url\":\"https:\/\/tarandus.is\/?page_id=1924\",\"name\":\"Snap A Yak 2 kajakfesting - TARANDUS\",\"isPartOf\":{\"@id\":\"https:\/\/tarandus.is\/#website\"},\"primaryImageOfPage\":{\"@id\":\"https:\/\/tarandus.is\/?page_id=1924#primaryimage\"},\"image\":{\"@id\":\"https:\/\/tarandus.is\/?page_id=1924#primaryimage\"},\"thumbnailUrl\":\"https:\/\/tarandus.is\/wp-content\/uploads\/2024\/01\/dropracks_1_720x.webp\",\"datePublished\":\"2024-01-24T22:37:16+00:00\",\"dateModified\":\"2024-01-24T22:51:35+00:00\",\"breadcrumb\":{\"@id\":\"https:\/\/tarandus.is\/?page_id=1924#breadcrumb\"},\"inLanguage\":\"en\",\"potentialAction\":[{\"@type\":\"ReadAction\",\"target\":[\"https:\/\/tarandus.is\/?page_id=1924\"]}]},{\"@type\":\"ImageObject\",\"inLanguage\":\"en\",\"@id\":\"https:\/\/tarandus.is\/?page_id=1924#primaryimage\",\"url\":\"https:\/\/tarandus.is\/wp-content\/uploads\/2024\/01\/dropracks_1_720x.webp\",\"contentUrl\":\"https:\/\/tarandus.is\/wp-content\/uploads\/2024\/01\/dropracks_1_720x.webp\",\"width\":720,\"height\":518},{\"@type\":\"BreadcrumbList\",\"@id\":\"https:\/\/tarandus.is\/?page_id=1924#breadcrumb\",\"itemListElement\":[{\"@type\":\"ListItem\",\"position\":1,\"name\":\"Home\",\"item\":\"https:\/\/tarandus.is\/\"},{\"@type\":\"ListItem\",\"position\":2,\"name\":\"Snap A Yak 2 kajakfesting\"}]},{\"@type\":\"WebSite\",\"@id\":\"https:\/\/tarandus.is\/#website\",\"url\":\"https:\/\/tarandus.is\/\",\"name\":\"TARANDUS\",\"description\":\"CRAWLER and DROPRACKS Dealer\",\"publisher\":{\"@id\":\"https:\/\/tarandus.is\/#organization\"},\"potentialAction\":[{\"@type\":\"SearchAction\",\"target\":{\"@type\":\"EntryPoint\",\"urlTemplate\":\"https:\/\/tarandus.is\/?s={search_term_string}\"},\"query-input\":{\"@type\":\"PropertyValueSpecification\",\"valueRequired\":true,\"valueName\":\"search_term_string\"}}],\"inLanguage\":\"en\"},{\"@type\":\"Organization\",\"@id\":\"https:\/\/tarandus.is\/#organization\",\"name\":\"Tarandus ehf.\",\"url\":\"https:\/\/tarandus.is\/\",\"logo\":{\"@type\":\"ImageObject\",\"inLanguage\":\"en\",\"@id\":\"https:\/\/tarandus.is\/#\/schema\/logo\/image\/\",\"url\":\"https:\/\/tarandus.is\/wp-content\/uploads\/2023\/02\/cropped-Logo_Tarandus-black.-1.png\",\"contentUrl\":\"https:\/\/tarandus.is\/wp-content\/uploads\/2023\/02\/cropped-Logo_Tarandus-black.-1.png\",\"width\":168,\"height\":206,\"caption\":\"Tarandus ehf.\"},\"image\":{\"@id\":\"https:\/\/tarandus.is\/#\/schema\/logo\/image\/\"},\"sameAs\":[\"https:\/\/facebook.com\/crawlericeland\",\"https:\/\/instagram.com\/tarandus.is\"]}]}<\/script>\n<!-- \/ Yoast SEO plugin. -->","yoast_head_json":{"title":"Snap A Yak 2 kajakfesting - TARANDUS","robots":{"index":"index","follow":"follow","max-snippet":"max-snippet:-1","max-image-preview":"max-image-preview:large","max-video-preview":"max-video-preview:-1"},"canonical":"https:\/\/tarandus.is\/?page_id=1924","og_locale":"en_US","og_type":"article","og_title":"Snap A Yak 2 kajakfesting - TARANDUS","og_description":"Looking for a lightweight and easy-to-use carrier for your kayak or surf boards? Look no further than the Dropracks Snap A Yak 2! Our high selling first version was a big success, and we are thrilled to release our second edition! Designed to snap on and off your Dropracks in seconds, this carrier is the [&hellip;]","og_url":"https:\/\/tarandus.is\/?page_id=1924","og_site_name":"TARANDUS","article_publisher":"https:\/\/facebook.com\/crawlericeland","article_modified_time":"2024-01-24T22:51:35+00:00","og_image":[{"url":"https:\/\/tarandus.is\/wp-content\/uploads\/2024\/01\/dropracks_1_720x.webp","type":"","width":"","height":""}],"twitter_card":"summary_large_image","twitter_misc":{"Est. reading time":"1 minute"},"schema":{"@context":"https:\/\/schema.org","@graph":[{"@type":"WebPage","@id":"https:\/\/tarandus.is\/?page_id=1924","url":"https:\/\/tarandus.is\/?page_id=1924","name":"Snap A Yak 2 kajakfesting - TARANDUS","isPartOf":{"@id":"https:\/\/tarandus.is\/#website"},"primaryImageOfPage":{"@id":"https:\/\/tarandus.is\/?page_id=1924#primaryimage"},"image":{"@id":"https:\/\/tarandus.is\/?page_id=1924#primaryimage"},"thumbnailUrl":"https:\/\/tarandus.is\/wp-content\/uploads\/2024\/01\/dropracks_1_720x.webp","datePublished":"2024-01-24T22:37:16+00:00","dateModified":"2024-01-24T22:51:35+00:00","breadcrumb":{"@id":"https:\/\/tarandus.is\/?page_id=1924#breadcrumb"},"inLanguage":"en","potentialAction":[{"@type":"ReadAction","target":["https:\/\/tarandus.is\/?page_id=1924"]}]},{"@type":"ImageObject","inLanguage":"en","@id":"https:\/\/tarandus.is\/?page_id=1924#primaryimage","url":"https:\/\/tarandus.is\/wp-content\/uploads\/2024\/01\/dropracks_1_720x.webp","contentUrl":"https:\/\/tarandus.is\/wp-content\/uploads\/2024\/01\/dropracks_1_720x.webp","width":720,"height":518},{"@type":"BreadcrumbList","@id":"https:\/\/tarandus.is\/?page_id=1924#breadcrumb","itemListElement":[{"@type":"ListItem","position":1,"name":"Home","item":"https:\/\/tarandus.is\/"},{"@type":"ListItem","position":2,"name":"Snap A Yak 2 kajakfesting"}]},{"@type":"WebSite","@id":"https:\/\/tarandus.is\/#website","url":"https:\/\/tarandus.is\/","name":"TARANDUS","description":"CRAWLER and DROPRACKS Dealer","publisher":{"@id":"https:\/\/tarandus.is\/#organization"},"potentialAction":[{"@type":"SearchAction","target":{"@type":"EntryPoint","urlTemplate":"https:\/\/tarandus.is\/?s={search_term_string}"},"query-input":{"@type":"PropertyValueSpecification","valueRequired":true,"valueName":"search_term_string"}}],"inLanguage":"en"},{"@type":"Organization","@id":"https:\/\/tarandus.is\/#organization","name":"Tarandus ehf.","url":"https:\/\/tarandus.is\/","logo":{"@type":"ImageObject","inLanguage":"en","@id":"https:\/\/tarandus.is\/#\/schema\/logo\/image\/","url":"https:\/\/tarandus.is\/wp-content\/uploads\/2023\/02\/cropped-Logo_Tarandus-black.-1.png","contentUrl":"https:\/\/tarandus.is\/wp-content\/uploads\/2023\/02\/cropped-Logo_Tarandus-black.-1.png","width":168,"height":206,"caption":"Tarandus ehf."},"image":{"@id":"https:\/\/tarandus.is\/#\/schema\/logo\/image\/"},"sameAs":["https:\/\/facebook.com\/crawlericeland","https:\/\/instagram.com\/tarandus.is"]}]}},"_links":{"self":[{"href":"https:\/\/tarandus.is\/index.php?rest_route=\/wp\/v2\/pages\/1924","targetHints":{"allow":["GET"]}}],"collection":[{"href":"https:\/\/tarandus.is\/index.php?rest_route=\/wp\/v2\/pages"}],"about":[{"href":"https:\/\/tarandus.is\/index.php?rest_route=\/wp\/v2\/types\/page"}],"author":[{"embeddable":true,"href":"https:\/\/tarandus.is\/index.php?rest_route=\/wp\/v2\/users\/2"}],"replies":[{"embeddable":true,"href":"https:\/\/tarandus.is\/index.php?rest_route=%2Fwp%2Fv2%2Fcomments&post=1924"}],"version-history":[{"count":3,"href":"https:\/\/tarandus.is\/index.php?rest_route=\/wp\/v2\/pages\/1924\/revisions"}],"predecessor-version":[{"id":1940,"href":"https:\/\/tarandus.is\/index.php?rest_route=\/wp\/v2\/pages\/1924\/revisions\/1940"}],"wp:attachment":[{"href":"https:\/\/tarandus.is\/index.php?rest_route=%2Fwp%2Fv2%2Fmedia&parent=1924"}],"curies":[{"name":"wp","href":"https:\/\/api.w.org\/{rel}","templated":true}]}}