{"id":2032,"date":"2024-09-19T22:56:31","date_gmt":"2024-09-19T22:56:31","guid":{"rendered":"https:\/\/tarandus.is\/?page_id=2032"},"modified":"2025-01-20T16:30:26","modified_gmt":"2025-01-20T16:30:26","slug":"notud-fjallahjolhysi","status":"publish","type":"page","link":"https:\/\/tarandus.is\/?page_id=2032","title":{"rendered":"Notu\u00f0 fjallahj\u00f3lh\u00fdsi"},"content":{"rendered":"\n<p>\u00dea\u00f0 eru engin notu\u00f0 fjallahj\u00f3lh\u00fdsi til eins og er. <\/p>\n","protected":false},"excerpt":{"rendered":"<p>\u00dea\u00f0 eru engin notu\u00f0 fjallahj\u00f3lh\u00fdsi til eins og er.<\/p>\n","protected":false},"author":2,"featured_media":0,"parent":0,"menu_order":0,"comment_status":"closed","ping_status":"closed","template":"","meta":{"site-sidebar-layout":"default","site-content-layout":"","ast-site-content-layout":"default","site-content-style":"default","site-sidebar-style":"default","ast-global-header-display":"","ast-banner-title-visibility":"","ast-main-header-display":"","ast-hfb-above-header-display":"","ast-hfb-below-header-display":"","ast-hfb-mobile-header-display":"","site-post-title":"","ast-breadcrumbs-content":"","ast-featured-img":"","footer-sml-layout":"","theme-transparent-header-meta":"","adv-header-id-meta":"","stick-header-meta":"","header-above-stick-meta":"","header-main-stick-meta":"","header-below-stick-meta":"","astra-migrate-meta-layouts":"set","ast-page-background-enabled":"default","ast-page-background-meta":{"desktop":{"background-color":"","background-image":"","background-repeat":"repeat","background-position":"center center","background-size":"auto","background-attachment":"scroll","background-type":"","background-media":"","overlay-type":"","overlay-color":"","overlay-opacity":"","overlay-gradient":""},"tablet":{"background-color":"","background-image":"","background-repeat":"repeat","background-position":"center center","background-size":"auto","background-attachment":"scroll","background-type":"","background-media":"","overlay-type":"","overlay-color":"","overlay-opacity":"","overlay-gradient":""},"mobile":{"background-color":"","background-image":"","background-repeat":"repeat","background-position":"center center","background-size":"auto","background-attachment":"scroll","background-type":"","background-media":"","overlay-type":"","overlay-color":"","overlay-opacity":"","overlay-gradient":""}},"ast-content-background-meta":{"desktop":{"background-color":"var(--ast-global-color-5)","background-image":"","background-repeat":"repeat","background-position":"center center","background-size":"auto","background-attachment":"scroll","background-type":"","background-media":"","overlay-type":"","overlay-color":"","overlay-opacity":"","overlay-gradient":""},"tablet":{"background-color":"var(--ast-global-color-5)","background-image":"","background-repeat":"repeat","background-position":"center center","background-size":"auto","background-attachment":"scroll","background-type":"","background-media":"","overlay-type":"","overlay-color":"","overlay-opacity":"","overlay-gradient":""},"mobile":{"background-color":"var(--ast-global-color-5)","background-image":"","background-repeat":"repeat","background-position":"center center","background-size":"auto","background-attachment":"scroll","background-type":"","background-media":"","overlay-type":"","overlay-color":"","overlay-opacity":"","overlay-gradient":""}},"footnotes":""},"class_list":["post-2032","page","type-page","status-publish","hentry"],"yoast_head":"<!-- This site is optimized with the Yoast SEO plugin v26.0 - https:\/\/yoast.com\/wordpress\/plugins\/seo\/ -->\n<title>Notu\u00f0 fjallahj\u00f3lh\u00fdsi - TARANDUS<\/title>\n<meta name=\"robots\" content=\"index, follow, max-snippet:-1, max-image-preview:large, max-video-preview:-1\" \/>\n<link rel=\"canonical\" href=\"https:\/\/tarandus.is\/?page_id=2032\" \/>\n<meta property=\"og:locale\" content=\"en_US\" \/>\n<meta property=\"og:type\" content=\"article\" \/>\n<meta property=\"og:title\" content=\"Notu\u00f0 fjallahj\u00f3lh\u00fdsi - TARANDUS\" \/>\n<meta property=\"og:description\" content=\"\u00dea\u00f0 eru engin notu\u00f0 fjallahj\u00f3lh\u00fdsi til eins og er.\" \/>\n<meta property=\"og:url\" content=\"https:\/\/tarandus.is\/?page_id=2032\" \/>\n<meta property=\"og:site_name\" content=\"TARANDUS\" \/>\n<meta property=\"article:publisher\" content=\"https:\/\/facebook.com\/crawlericeland\" \/>\n<meta property=\"article:modified_time\" content=\"2025-01-20T16:30:26+00:00\" \/>\n<meta name=\"twitter:card\" content=\"summary_large_image\" \/>\n<meta name=\"twitter:label1\" content=\"Est. reading time\" \/>\n\t<meta name=\"twitter:data1\" content=\"1 minute\" \/>\n<script type=\"application\/ld+json\" class=\"yoast-schema-graph\">{\"@context\":\"https:\/\/schema.org\",\"@graph\":[{\"@type\":\"WebPage\",\"@id\":\"https:\/\/tarandus.is\/?page_id=2032\",\"url\":\"https:\/\/tarandus.is\/?page_id=2032\",\"name\":\"Notu\u00f0 fjallahj\u00f3lh\u00fdsi - TARANDUS\",\"isPartOf\":{\"@id\":\"https:\/\/tarandus.is\/#website\"},\"datePublished\":\"2024-09-19T22:56:31+00:00\",\"dateModified\":\"2025-01-20T16:30:26+00:00\",\"breadcrumb\":{\"@id\":\"https:\/\/tarandus.is\/?page_id=2032#breadcrumb\"},\"inLanguage\":\"en\",\"potentialAction\":[{\"@type\":\"ReadAction\",\"target\":[\"https:\/\/tarandus.is\/?page_id=2032\"]}]},{\"@type\":\"BreadcrumbList\",\"@id\":\"https:\/\/tarandus.is\/?page_id=2032#breadcrumb\",\"itemListElement\":[{\"@type\":\"ListItem\",\"position\":1,\"name\":\"Home\",\"item\":\"https:\/\/tarandus.is\/\"},{\"@type\":\"ListItem\",\"position\":2,\"name\":\"Notu\u00f0 fjallahj\u00f3lh\u00fdsi\"}]},{\"@type\":\"WebSite\",\"@id\":\"https:\/\/tarandus.is\/#website\",\"url\":\"https:\/\/tarandus.is\/\",\"name\":\"TARANDUS\",\"description\":\"CRAWLER and DROPRACKS Dealer\",\"publisher\":{\"@id\":\"https:\/\/tarandus.is\/#organization\"},\"potentialAction\":[{\"@type\":\"SearchAction\",\"target\":{\"@type\":\"EntryPoint\",\"urlTemplate\":\"https:\/\/tarandus.is\/?s={search_term_string}\"},\"query-input\":{\"@type\":\"PropertyValueSpecification\",\"valueRequired\":true,\"valueName\":\"search_term_string\"}}],\"inLanguage\":\"en\"},{\"@type\":\"Organization\",\"@id\":\"https:\/\/tarandus.is\/#organization\",\"name\":\"Tarandus ehf.\",\"url\":\"https:\/\/tarandus.is\/\",\"logo\":{\"@type\":\"ImageObject\",\"inLanguage\":\"en\",\"@id\":\"https:\/\/tarandus.is\/#\/schema\/logo\/image\/\",\"url\":\"https:\/\/tarandus.is\/wp-content\/uploads\/2023\/02\/cropped-Logo_Tarandus-black.-1.png\",\"contentUrl\":\"https:\/\/tarandus.is\/wp-content\/uploads\/2023\/02\/cropped-Logo_Tarandus-black.-1.png\",\"width\":168,\"height\":206,\"caption\":\"Tarandus ehf.\"},\"image\":{\"@id\":\"https:\/\/tarandus.is\/#\/schema\/logo\/image\/\"},\"sameAs\":[\"https:\/\/facebook.com\/crawlericeland\",\"https:\/\/instagram.com\/tarandus.is\"]}]}<\/script>\n<!-- \/ Yoast SEO plugin. -->","yoast_head_json":{"title":"Notu\u00f0 fjallahj\u00f3lh\u00fdsi - TARANDUS","robots":{"index":"index","follow":"follow","max-snippet":"max-snippet:-1","max-image-preview":"max-image-preview:large","max-video-preview":"max-video-preview:-1"},"canonical":"https:\/\/tarandus.is\/?page_id=2032","og_locale":"en_US","og_type":"article","og_title":"Notu\u00f0 fjallahj\u00f3lh\u00fdsi - TARANDUS","og_description":"\u00dea\u00f0 eru engin notu\u00f0 fjallahj\u00f3lh\u00fdsi til eins og er.","og_url":"https:\/\/tarandus.is\/?page_id=2032","og_site_name":"TARANDUS","article_publisher":"https:\/\/facebook.com\/crawlericeland","article_modified_time":"2025-01-20T16:30:26+00:00","twitter_card":"summary_large_image","twitter_misc":{"Est. reading time":"1 minute"},"schema":{"@context":"https:\/\/schema.org","@graph":[{"@type":"WebPage","@id":"https:\/\/tarandus.is\/?page_id=2032","url":"https:\/\/tarandus.is\/?page_id=2032","name":"Notu\u00f0 fjallahj\u00f3lh\u00fdsi - TARANDUS","isPartOf":{"@id":"https:\/\/tarandus.is\/#website"},"datePublished":"2024-09-19T22:56:31+00:00","dateModified":"2025-01-20T16:30:26+00:00","breadcrumb":{"@id":"https:\/\/tarandus.is\/?page_id=2032#breadcrumb"},"inLanguage":"en","potentialAction":[{"@type":"ReadAction","target":["https:\/\/tarandus.is\/?page_id=2032"]}]},{"@type":"BreadcrumbList","@id":"https:\/\/tarandus.is\/?page_id=2032#breadcrumb","itemListElement":[{"@type":"ListItem","position":1,"name":"Home","item":"https:\/\/tarandus.is\/"},{"@type":"ListItem","position":2,"name":"Notu\u00f0 fjallahj\u00f3lh\u00fdsi"}]},{"@type":"WebSite","@id":"https:\/\/tarandus.is\/#website","url":"https:\/\/tarandus.is\/","name":"TARANDUS","description":"CRAWLER and DROPRACKS Dealer","publisher":{"@id":"https:\/\/tarandus.is\/#organization"},"potentialAction":[{"@type":"SearchAction","target":{"@type":"EntryPoint","urlTemplate":"https:\/\/tarandus.is\/?s={search_term_string}"},"query-input":{"@type":"PropertyValueSpecification","valueRequired":true,"valueName":"search_term_string"}}],"inLanguage":"en"},{"@type":"Organization","@id":"https:\/\/tarandus.is\/#organization","name":"Tarandus ehf.","url":"https:\/\/tarandus.is\/","logo":{"@type":"ImageObject","inLanguage":"en","@id":"https:\/\/tarandus.is\/#\/schema\/logo\/image\/","url":"https:\/\/tarandus.is\/wp-content\/uploads\/2023\/02\/cropped-Logo_Tarandus-black.-1.png","contentUrl":"https:\/\/tarandus.is\/wp-content\/uploads\/2023\/02\/cropped-Logo_Tarandus-black.-1.png","width":168,"height":206,"caption":"Tarandus ehf."},"image":{"@id":"https:\/\/tarandus.is\/#\/schema\/logo\/image\/"},"sameAs":["https:\/\/facebook.com\/crawlericeland","https:\/\/instagram.com\/tarandus.is"]}]}},"_links":{"self":[{"href":"https:\/\/tarandus.is\/index.php?rest_route=\/wp\/v2\/pages\/2032","targetHints":{"allow":["GET"]}}],"collection":[{"href":"https:\/\/tarandus.is\/index.php?rest_route=\/wp\/v2\/pages"}],"about":[{"href":"https:\/\/tarandus.is\/index.php?rest_route=\/wp\/v2\/types\/page"}],"author":[{"embeddable":true,"href":"https:\/\/tarandus.is\/index.php?rest_route=\/wp\/v2\/users\/2"}],"replies":[{"embeddable":true,"href":"https:\/\/tarandus.is\/index.php?rest_route=%2Fwp%2Fv2%2Fcomments&post=2032"}],"version-history":[{"count":3,"href":"https:\/\/tarandus.is\/index.php?rest_route=\/wp\/v2\/pages\/2032\/revisions"}],"predecessor-version":[{"id":2224,"href":"https:\/\/tarandus.is\/index.php?rest_route=\/wp\/v2\/pages\/2032\/revisions\/2224"}],"wp:attachment":[{"href":"https:\/\/tarandus.is\/index.php?rest_route=%2Fwp%2Fv2%2Fmedia&parent=2032"}],"curies":[{"name":"wp","href":"https:\/\/api.w.org\/{rel}","templated":true}]}}