{"id":719,"date":"2021-10-30T10:40:36","date_gmt":"2021-10-30T10:40:36","guid":{"rendered":"https:\/\/tarandus.is\/?page_id=719"},"modified":"2022-10-20T13:40:20","modified_gmt":"2022-10-20T13:40:20","slug":"cpm-190","status":"publish","type":"page","link":"https:\/\/tarandus.is\/?page_id=719","title":{"rendered":"CMP 240"},"content":{"rendered":"\n<p> <\/p>\n\n\n\n<p><strong>Travel freely anywhere!<\/strong><\/p>\n\n\n\n<p>Our&nbsp;<strong>CMP 240<\/strong>&nbsp;model, mounted behind the pickup trucks, inspires you to escape from city life and explore nature at any time.<\/p>\n\n\n\n<p><strong>Compact Design<\/strong><\/p>\n\n\n\n<p><strong>Durable Outer Body<\/strong><\/p>\n\n\n\n<p><strong>Special Production for Vehicle<\/strong><\/p>\n\n\n\n<p>CMP 240 creates a comfort area where a family of 3 can stay comfortably with its expanding internal volume in the camping location.<\/p>\n\n\n\n<p>While the rising ceiling provides extra volume and spaciousness, the glass door opening on the side gives you the opportunity to watch the view while lying down.<\/p>\n\n\n\n<p>open kitchen, sink and shower area on the side of the vehicle has been designed with all your needs in mind.<\/p>\n\n\n\n<p>You can enjoy the open air in all weather conditions with the KMP 240&#8217;s 270-degree awning.<\/p>\n\n\n\n<p><\/p>\n\n\n\n<p><strong><span style=\"text-decoration: underline;\">Technical Specification.<\/span><\/strong><\/p>\n\n\n\n<p>4 SEASONS LARGE PICK UP TYPE CAMPER CARAVAN WITH INSULATION<br><\/p>\n\n\n\n<p>LENGTH&nbsp; &nbsp; &nbsp; &nbsp; &nbsp; &nbsp;:&nbsp;240 cm*<br>WIDTH&nbsp; &nbsp; &nbsp; &nbsp; &nbsp; &nbsp; &nbsp; : 200 cm*<\/p>\n\n\n\n<p>HEIGHT&nbsp; &nbsp; &nbsp; &nbsp; &nbsp; &nbsp; :&nbsp;130cm while closed, 240cm while open *<\/p>\n\n\n\n<p>WEIGHT&nbsp; &nbsp; &nbsp; &nbsp; &nbsp; &nbsp;:&nbsp;650 kg (minus your existing box which is typically about 300kg)<\/p>\n\n\n\n<p>PRIMARY BED : 195 x 240 cm *<\/p>\n\n\n\n<p>SECONDARY&nbsp; &nbsp;:&nbsp;215 x 60 cm *<\/p>\n\n\n\n<p>BODY&nbsp; &nbsp; &nbsp; &nbsp; &nbsp; &nbsp; &nbsp; &nbsp; :&nbsp;Aluminum with Electrostatic Powder Coating (no plastic parts)<\/p>\n\n\n\n<p>* (sizes \/ weight slightly differ from vehicle to vehicle)<\/p>\n\n\n\n<p><\/p>\n\n\n\n<p><strong><span style=\"text-decoration: underline;\">Standard Features.<\/span><\/strong><\/p>\n\n\n\n<ul class=\"wp-block-list\"><li><strong>EXTERIOR DESIGN <\/strong><br>Rear Entrance Cover<br>Retractable Ledder\/Rear Door<br>Fixing Stands with Adjustable Height (2 Pcs)<br>Extendable Sidewall<br>Extendable Sidewall Window<br>Expandable Pop-up Roof System with Windows<br>Chrome Storage Locks<br>Chrome Door Stoppers<br>Chrome Hinges<br>Gas Bottle Holders (2Pcs)<br>Was Rear LED Lights<br>Storage Cabinets<br>Lightening of Kitchen Cabinets<\/li><li><strong>INTERIOR DESIGN <\/strong><br>Electrostatic Powder Coating (Cabinet and Interior Walls)<br>PVC Coating Floor<br>Ceramic Based Insulation Coating<br>Storage Lockers<br>Zipped Shelves<br>Rear Door Flyscreen<br>Rails for Upper Bed Area<br>Internal Window Curtain<\/li><li><strong>ELECTRIC \/ ELECTRONIC \/ CONTROL SYSTEM <\/strong><br>6 Buttons Analog Control Panel<br>Battery (40A)<br>Adjustable LED Internal Lighting with Remote Control<br>Pako Switch<br>Victron Blue Smart Charger (7 Amper)<br>Defa 220v Charger Input Cable and Bag<br>USB Outlets<br>12v Power Outlet<br>Interior Lighting Leds<br>Car Electrical Charging System (Cyrx)<\/li><li><strong>WATER SYSTEM <\/strong><br>Water Pump (19 Lt\/Min)<br>Water Level Gauge<br>Chrome Fresh Water Tank (90 Lt)<br>Chrome Water Filler Cap<br>Water Drain Valve<\/li><li><strong>GAS SYSTEM <\/strong><br>Gas Detector<\/li><li><strong>OUTDOOR KITCHEN AREA <\/strong><br>Sliding Outdoor Kitchen<br>Double Stoves<br>Faucet<br>Double Plastic Sinks<br>Stove Windshield<br>Kitchen Storage Cabinet<\/li><li><strong>SITTING and SLEEPING AREA <\/strong><br>3 Person Seating Area<br>Under Seat Storage Cabinets<br>Seat Cushion<br>Primary Bed Area (195 x 240 cm)<br>Secondary Bed Area (215 x 60 cm)<\/li><\/ul>\n\n\n\n<p><\/p>\n\n\n\n<p><strong>Exterior Colors<\/strong><br>Exterior Color: Silver Grey (Heper1) (Matte,Rough)<br>Exterior Color: Dark Grey (Ral 7021) (Matte,Rough)<br>Exterior Color: Line-X Deep Black (Ral 9005) (Rough)<br>Exterior Color: Ash Grey (Heper3) (Matte,Rough)<br><strong>Upholstery Colors<\/strong><br>Upholstery Color: Khaki Green<br>Upholstery Color: Ice Grey<br>Upholstery Color: Carbon Black<br>Upholstery Color: Sand Beige<br><strong>Refrigerator<\/strong><br>Dometic 65 Refrigerator<br>Engel 57 Refrigerator<br><strong>Optional Products<\/strong><br>Spare Tyre Holder &amp; External Shower Area<br>Rear Light Protector (Black)<br>270 Degree Tent (Mouse Grey)<br>Fishing Holder<br>Gun Holder<br>Thetford Portable WC<br>Schmid Solar Panel 325W &amp; Charge Regulator<br>Eberspacher D2 L Airtron\u0131c Air Heater (Diesel)<br>Imkar Air Conditioner (Cooler)<br>Solara Solar Panel 160w &amp; Solara Regulator<br>Water Anti Freeze System<br>Crawler Smart Panel<br>Victron Energy 220 Ah Battery (Price Difference)<br>Eberspacher B3 Airtron\u0131c Air Heater (Gasoline)<br>New Vehicle Application<\/p>\n\n\n\n<p><\/p>\n\n\n\n<p><span style=\"text-decoration: underline;\"><strong>Frekari uppl\u00fdsingar \u00e1 tarandus@tarandus.is e\u00f0a \u00ed s\u00edma 612-1205.<\/strong><\/span><\/p>\n","protected":false},"excerpt":{"rendered":"<p>Travel freely anywhere! Our&nbsp;CMP 240&nbsp;model, mounted behind the pickup trucks, inspires you to escape from city life and explore nature at any time. Compact Design Durable Outer Body Special Production for Vehicle CMP 240 creates a comfort area where a family of 3 can stay comfortably with its expanding internal volume in the camping location. [&hellip;]<\/p>\n","protected":false},"author":2,"featured_media":0,"parent":0,"menu_order":0,"comment_status":"closed","ping_status":"closed","template":"","meta":{"site-sidebar-layout":"default","site-content-layout":"","ast-site-content-layout":"","site-content-style":"default","site-sidebar-style":"default","ast-global-header-display":"","ast-banner-title-visibility":"","ast-main-header-display":"","ast-hfb-above-header-display":"","ast-hfb-below-header-display":"","ast-hfb-mobile-header-display":"","site-post-title":"","ast-breadcrumbs-content":"","ast-featured-img":"","footer-sml-layout":"","theme-transparent-header-meta":"","adv-header-id-meta":"","stick-header-meta":"","header-above-stick-meta":"","header-main-stick-meta":"","header-below-stick-meta":"","astra-migrate-meta-layouts":"default","ast-page-background-enabled":"default","ast-page-background-meta":{"desktop":{"background-color":"","background-image":"","background-repeat":"repeat","background-position":"center center","background-size":"auto","background-attachment":"scroll","background-type":"","background-media":"","overlay-type":"","overlay-color":"","overlay-opacity":"","overlay-gradient":""},"tablet":{"background-color":"","background-image":"","background-repeat":"repeat","background-position":"center center","background-size":"auto","background-attachment":"scroll","background-type":"","background-media":"","overlay-type":"","overlay-color":"","overlay-opacity":"","overlay-gradient":""},"mobile":{"background-color":"","background-image":"","background-repeat":"repeat","background-position":"center center","background-size":"auto","background-attachment":"scroll","background-type":"","background-media":"","overlay-type":"","overlay-color":"","overlay-opacity":"","overlay-gradient":""}},"ast-content-background-meta":{"desktop":{"background-color":"var(--ast-global-color-5)","background-image":"","background-repeat":"repeat","background-position":"center center","background-size":"auto","background-attachment":"scroll","background-type":"","background-media":"","overlay-type":"","overlay-color":"","overlay-opacity":"","overlay-gradient":""},"tablet":{"background-color":"var(--ast-global-color-5)","background-image":"","background-repeat":"repeat","background-position":"center center","background-size":"auto","background-attachment":"scroll","background-type":"","background-media":"","overlay-type":"","overlay-color":"","overlay-opacity":"","overlay-gradient":""},"mobile":{"background-color":"var(--ast-global-color-5)","background-image":"","background-repeat":"repeat","background-position":"center center","background-size":"auto","background-attachment":"scroll","background-type":"","background-media":"","overlay-type":"","overlay-color":"","overlay-opacity":"","overlay-gradient":""}},"footnotes":""},"class_list":["post-719","page","type-page","status-publish","hentry"],"yoast_head":"<!-- This site is optimized with the Yoast SEO plugin v26.0 - https:\/\/yoast.com\/wordpress\/plugins\/seo\/ -->\n<title>CMP 240 - TARANDUS<\/title>\n<meta name=\"robots\" content=\"index, follow, max-snippet:-1, max-image-preview:large, max-video-preview:-1\" \/>\n<link rel=\"canonical\" href=\"https:\/\/tarandus.is\/?page_id=719\" \/>\n<meta property=\"og:locale\" content=\"en_US\" \/>\n<meta property=\"og:type\" content=\"article\" \/>\n<meta property=\"og:title\" content=\"CMP 240 - TARANDUS\" \/>\n<meta property=\"og:description\" content=\"Travel freely anywhere! Our&nbsp;CMP 240&nbsp;model, mounted behind the pickup trucks, inspires you to escape from city life and explore nature at any time. Compact Design Durable Outer Body Special Production for Vehicle CMP 240 creates a comfort area where a family of 3 can stay comfortably with its expanding internal volume in the camping location. [&hellip;]\" \/>\n<meta property=\"og:url\" content=\"https:\/\/tarandus.is\/?page_id=719\" \/>\n<meta property=\"og:site_name\" content=\"TARANDUS\" \/>\n<meta property=\"article:publisher\" content=\"https:\/\/facebook.com\/crawlericeland\" \/>\n<meta property=\"article:modified_time\" content=\"2022-10-20T13:40:20+00:00\" \/>\n<meta name=\"twitter:card\" content=\"summary_large_image\" \/>\n<meta name=\"twitter:label1\" content=\"Est. reading time\" \/>\n\t<meta name=\"twitter:data1\" content=\"2 minutes\" \/>\n<script type=\"application\/ld+json\" class=\"yoast-schema-graph\">{\"@context\":\"https:\/\/schema.org\",\"@graph\":[{\"@type\":\"WebPage\",\"@id\":\"https:\/\/tarandus.is\/?page_id=719\",\"url\":\"https:\/\/tarandus.is\/?page_id=719\",\"name\":\"CMP 240 - TARANDUS\",\"isPartOf\":{\"@id\":\"https:\/\/tarandus.is\/#website\"},\"datePublished\":\"2021-10-30T10:40:36+00:00\",\"dateModified\":\"2022-10-20T13:40:20+00:00\",\"breadcrumb\":{\"@id\":\"https:\/\/tarandus.is\/?page_id=719#breadcrumb\"},\"inLanguage\":\"en\",\"potentialAction\":[{\"@type\":\"ReadAction\",\"target\":[\"https:\/\/tarandus.is\/?page_id=719\"]}]},{\"@type\":\"BreadcrumbList\",\"@id\":\"https:\/\/tarandus.is\/?page_id=719#breadcrumb\",\"itemListElement\":[{\"@type\":\"ListItem\",\"position\":1,\"name\":\"Home\",\"item\":\"https:\/\/tarandus.is\/\"},{\"@type\":\"ListItem\",\"position\":2,\"name\":\"CMP 240\"}]},{\"@type\":\"WebSite\",\"@id\":\"https:\/\/tarandus.is\/#website\",\"url\":\"https:\/\/tarandus.is\/\",\"name\":\"TARANDUS\",\"description\":\"CRAWLER and DROPRACKS Dealer\",\"publisher\":{\"@id\":\"https:\/\/tarandus.is\/#organization\"},\"potentialAction\":[{\"@type\":\"SearchAction\",\"target\":{\"@type\":\"EntryPoint\",\"urlTemplate\":\"https:\/\/tarandus.is\/?s={search_term_string}\"},\"query-input\":{\"@type\":\"PropertyValueSpecification\",\"valueRequired\":true,\"valueName\":\"search_term_string\"}}],\"inLanguage\":\"en\"},{\"@type\":\"Organization\",\"@id\":\"https:\/\/tarandus.is\/#organization\",\"name\":\"Tarandus ehf.\",\"url\":\"https:\/\/tarandus.is\/\",\"logo\":{\"@type\":\"ImageObject\",\"inLanguage\":\"en\",\"@id\":\"https:\/\/tarandus.is\/#\/schema\/logo\/image\/\",\"url\":\"https:\/\/tarandus.is\/wp-content\/uploads\/2023\/02\/cropped-Logo_Tarandus-black.-1.png\",\"contentUrl\":\"https:\/\/tarandus.is\/wp-content\/uploads\/2023\/02\/cropped-Logo_Tarandus-black.-1.png\",\"width\":168,\"height\":206,\"caption\":\"Tarandus ehf.\"},\"image\":{\"@id\":\"https:\/\/tarandus.is\/#\/schema\/logo\/image\/\"},\"sameAs\":[\"https:\/\/facebook.com\/crawlericeland\",\"https:\/\/instagram.com\/tarandus.is\"]}]}<\/script>\n<!-- \/ Yoast SEO plugin. -->","yoast_head_json":{"title":"CMP 240 - TARANDUS","robots":{"index":"index","follow":"follow","max-snippet":"max-snippet:-1","max-image-preview":"max-image-preview:large","max-video-preview":"max-video-preview:-1"},"canonical":"https:\/\/tarandus.is\/?page_id=719","og_locale":"en_US","og_type":"article","og_title":"CMP 240 - TARANDUS","og_description":"Travel freely anywhere! Our&nbsp;CMP 240&nbsp;model, mounted behind the pickup trucks, inspires you to escape from city life and explore nature at any time. Compact Design Durable Outer Body Special Production for Vehicle CMP 240 creates a comfort area where a family of 3 can stay comfortably with its expanding internal volume in the camping location. [&hellip;]","og_url":"https:\/\/tarandus.is\/?page_id=719","og_site_name":"TARANDUS","article_publisher":"https:\/\/facebook.com\/crawlericeland","article_modified_time":"2022-10-20T13:40:20+00:00","twitter_card":"summary_large_image","twitter_misc":{"Est. reading time":"2 minutes"},"schema":{"@context":"https:\/\/schema.org","@graph":[{"@type":"WebPage","@id":"https:\/\/tarandus.is\/?page_id=719","url":"https:\/\/tarandus.is\/?page_id=719","name":"CMP 240 - TARANDUS","isPartOf":{"@id":"https:\/\/tarandus.is\/#website"},"datePublished":"2021-10-30T10:40:36+00:00","dateModified":"2022-10-20T13:40:20+00:00","breadcrumb":{"@id":"https:\/\/tarandus.is\/?page_id=719#breadcrumb"},"inLanguage":"en","potentialAction":[{"@type":"ReadAction","target":["https:\/\/tarandus.is\/?page_id=719"]}]},{"@type":"BreadcrumbList","@id":"https:\/\/tarandus.is\/?page_id=719#breadcrumb","itemListElement":[{"@type":"ListItem","position":1,"name":"Home","item":"https:\/\/tarandus.is\/"},{"@type":"ListItem","position":2,"name":"CMP 240"}]},{"@type":"WebSite","@id":"https:\/\/tarandus.is\/#website","url":"https:\/\/tarandus.is\/","name":"TARANDUS","description":"CRAWLER and DROPRACKS Dealer","publisher":{"@id":"https:\/\/tarandus.is\/#organization"},"potentialAction":[{"@type":"SearchAction","target":{"@type":"EntryPoint","urlTemplate":"https:\/\/tarandus.is\/?s={search_term_string}"},"query-input":{"@type":"PropertyValueSpecification","valueRequired":true,"valueName":"search_term_string"}}],"inLanguage":"en"},{"@type":"Organization","@id":"https:\/\/tarandus.is\/#organization","name":"Tarandus ehf.","url":"https:\/\/tarandus.is\/","logo":{"@type":"ImageObject","inLanguage":"en","@id":"https:\/\/tarandus.is\/#\/schema\/logo\/image\/","url":"https:\/\/tarandus.is\/wp-content\/uploads\/2023\/02\/cropped-Logo_Tarandus-black.-1.png","contentUrl":"https:\/\/tarandus.is\/wp-content\/uploads\/2023\/02\/cropped-Logo_Tarandus-black.-1.png","width":168,"height":206,"caption":"Tarandus ehf."},"image":{"@id":"https:\/\/tarandus.is\/#\/schema\/logo\/image\/"},"sameAs":["https:\/\/facebook.com\/crawlericeland","https:\/\/instagram.com\/tarandus.is"]}]}},"_links":{"self":[{"href":"https:\/\/tarandus.is\/index.php?rest_route=\/wp\/v2\/pages\/719","targetHints":{"allow":["GET"]}}],"collection":[{"href":"https:\/\/tarandus.is\/index.php?rest_route=\/wp\/v2\/pages"}],"about":[{"href":"https:\/\/tarandus.is\/index.php?rest_route=\/wp\/v2\/types\/page"}],"author":[{"embeddable":true,"href":"https:\/\/tarandus.is\/index.php?rest_route=\/wp\/v2\/users\/2"}],"replies":[{"embeddable":true,"href":"https:\/\/tarandus.is\/index.php?rest_route=%2Fwp%2Fv2%2Fcomments&post=719"}],"version-history":[{"count":7,"href":"https:\/\/tarandus.is\/index.php?rest_route=\/wp\/v2\/pages\/719\/revisions"}],"predecessor-version":[{"id":1736,"href":"https:\/\/tarandus.is\/index.php?rest_route=\/wp\/v2\/pages\/719\/revisions\/1736"}],"wp:attachment":[{"href":"https:\/\/tarandus.is\/index.php?rest_route=%2Fwp%2Fv2%2Fmedia&parent=719"}],"curies":[{"name":"wp","href":"https:\/\/api.w.org\/{rel}","templated":true}]}}